{"id":13677,"date":"2024-06-30T19:46:58","date_gmt":"2024-06-30T19:46:58","guid":{"rendered":"https:\/\/ozturkgroup.com.tr\/?page_id=13677"},"modified":"2024-07-23T23:20:58","modified_gmt":"2024-07-23T23:20:58","slug":"ovolt","status":"publish","type":"page","link":"https:\/\/ozturkgroup.com.tr\/tr\/ovolt\/","title":{"rendered":"Ovolt"},"content":{"rendered":"\t\t<div data-elementor-type=\"wp-page\" data-elementor-id=\"13677\" class=\"elementor elementor-13677 elementor-13676\">\n\t\t\t\t<div class=\"elementor-element elementor-element-464f18a e-con-full e-flex e-con e-parent\" data-id=\"464f18a\" data-element_type=\"container\" data-settings=\"{&quot;background_background&quot;:&quot;classic&quot;}\">\n\t\t<div class=\"elementor-element elementor-element-9e8b894 e-con-full e-flex e-con e-child\" data-id=\"9e8b894\" data-element_type=\"container\">\n\t\t\t\t<div class=\"elementor-element elementor-element-68951f6 elementor-widget elementor-widget-leroux_core_section_title\" data-id=\"68951f6\" data-element_type=\"widget\" data-widget_type=\"leroux_core_section_title.default\">\n\t\t\t\t<div class=\"elementor-widget-container\">\n\t\t\t<div class=\"qodef-shortcode qodef-m  qodef-section-title qodef-alignment--left \">\n\t\t<h1 class=\"qodef-m-title\" style=\"color: #FFFFFF\">\n\t\t\t\t\tOvolt\t\t\t<\/h1>\n\t<\/div>\n\t\t<\/div>\n\t\t\t\t<\/div>\n\t\t\t\t<\/div>\n\t\t\t\t<\/div>\n\t\t\t\t<section class=\"elementor-section elementor-top-section elementor-element elementor-element-cefea67 elementor-section-full_width elementor-section-content-middle elementor-section-height-default elementor-section-height-default\" data-id=\"cefea67\" data-element_type=\"section\" data-settings=\"{&quot;background_background&quot;:&quot;classic&quot;}\">\n\t\t\t\t\t\t<div class=\"elementor-container elementor-column-gap-no\">\n\t\t\t\t\t<div class=\"elementor-column elementor-col-20 elementor-top-column elementor-element elementor-element-6845083\" data-id=\"6845083\" data-element_type=\"column\">\n\t\t\t<div class=\"elementor-widget-wrap elementor-element-populated\">\n\t\t\t\t\t\t<div class=\"elementor-element elementor-element-69e3f48 elementor-widget elementor-widget-image\" data-id=\"69e3f48\" data-element_type=\"widget\" data-widget_type=\"image.default\">\n\t\t\t\t<div class=\"elementor-widget-container\">\n\t\t\t\t\t\t\t\t\t\t\t\t\t<img fetchpriority=\"high\" decoding=\"async\" width=\"575\" height=\"420\" src=\"https:\/\/ozturkgroup.com.tr\/wp-content\/uploads\/2024\/06\/Group-Logolari_28.06.24-05.png\" class=\"attachment-large size-large wp-image-12665\" alt=\"\" srcset=\"https:\/\/ozturkgroup.com.tr\/wp-content\/uploads\/2024\/06\/Group-Logolari_28.06.24-05.png 575w, https:\/\/ozturkgroup.com.tr\/wp-content\/uploads\/2024\/06\/Group-Logolari_28.06.24-05-300x219.png 300w\" sizes=\"(max-width: 575px) 100vw, 575px\" \/>\t\t\t\t\t\t\t\t\t\t\t\t\t<\/div>\n\t\t\t\t<\/div>\n\t\t\t\t\t<\/div>\n\t\t<\/div>\n\t\t\t\t<div class=\"elementor-column elementor-col-20 elementor-top-column elementor-element elementor-element-d3f2953\" data-id=\"d3f2953\" data-element_type=\"column\">\n\t\t\t<div class=\"elementor-widget-wrap elementor-element-populated\">\n\t\t\t\t\t\t<div class=\"elementor-element elementor-element-9990762 elementor-widget elementor-widget-leroux_core_section_title\" data-id=\"9990762\" data-element_type=\"widget\" data-widget_type=\"leroux_core_section_title.default\">\n\t\t\t\t<div class=\"elementor-widget-container\">\n\t\t\t<div class=\"qodef-shortcode qodef-m  qodef-section-title qodef-alignment--left \">\n\t\t<h4 class=\"qodef-m-title\" >\n\t\t\t\t\tGenel Merkez\t\t\t<\/h4>\n\t\t<p class=\"qodef-m-text\" >\u00c7aml\u0131ca K\u0131s\u0131kl\u0131 Mh. Alemda\u011f Cd. No:60 Masaldan \u0130\u015f Merkezi F Blok D:3 \u00dcsk\u00fcdar 34692 \u0130stanbul<\/p>\n<\/div>\n\t\t<\/div>\n\t\t\t\t<\/div>\n\t\t\t\t\t<\/div>\n\t\t<\/div>\n\t\t\t\t<div class=\"elementor-column elementor-col-20 elementor-top-column elementor-element elementor-element-0efd315\" data-id=\"0efd315\" data-element_type=\"column\">\n\t\t\t<div class=\"elementor-widget-wrap elementor-element-populated\">\n\t\t\t\t\t\t<div class=\"elementor-element elementor-element-88d24e6 elementor-widget elementor-widget-leroux_core_section_title\" data-id=\"88d24e6\" data-element_type=\"widget\" data-widget_type=\"leroux_core_section_title.default\">\n\t\t\t\t<div class=\"elementor-widget-container\">\n\t\t\t<div class=\"qodef-shortcode qodef-m  qodef-section-title qodef-alignment--left \">\n\t\t<h4 class=\"qodef-m-title\" >\n\t\t\t\t\tTelefon\t\t\t<\/h4>\n\t\t<p class=\"qodef-m-text\" >+90 (216) 522 68 40<\/p>\n<\/div>\n\t\t<\/div>\n\t\t\t\t<\/div>\n\t\t\t\t\t<\/div>\n\t\t<\/div>\n\t\t\t\t<div class=\"elementor-column elementor-col-20 elementor-top-column elementor-element elementor-element-8d77d33\" data-id=\"8d77d33\" data-element_type=\"column\">\n\t\t\t<div class=\"elementor-widget-wrap elementor-element-populated\">\n\t\t\t\t\t\t<div class=\"elementor-element elementor-element-45d3a4d elementor-widget elementor-widget-leroux_core_section_title\" data-id=\"45d3a4d\" data-element_type=\"widget\" data-widget_type=\"leroux_core_section_title.default\">\n\t\t\t\t<div class=\"elementor-widget-container\">\n\t\t\t<div class=\"qodef-shortcode qodef-m  qodef-section-title qodef-alignment--left \">\n\t\t<h4 class=\"qodef-m-title\" >\n\t\t\t\t\tFax\t\t\t<\/h4>\n\t\t<p class=\"qodef-m-text\" >+90 (216) 412 52 20<\/p>\n<\/div>\n\t\t<\/div>\n\t\t\t\t<\/div>\n\t\t\t\t\t<\/div>\n\t\t<\/div>\n\t\t\t\t<div class=\"elementor-column elementor-col-20 elementor-top-column elementor-element elementor-element-ff63fbb\" data-id=\"ff63fbb\" data-element_type=\"column\">\n\t\t\t<div class=\"elementor-widget-wrap elementor-element-populated\">\n\t\t\t\t\t\t<div class=\"elementor-element elementor-element-2300f6d elementor-widget elementor-widget-leroux_core_section_title\" data-id=\"2300f6d\" data-element_type=\"widget\" data-widget_type=\"leroux_core_section_title.default\">\n\t\t\t\t<div class=\"elementor-widget-container\">\n\t\t\t<div class=\"qodef-shortcode qodef-m  qodef-section-title qodef-alignment--left \">\n\t\t<h4 class=\"qodef-m-title\" >\n\t\t\t\t\tWeb Adresi\t\t\t<\/h4>\n\t<\/div>\n\t\t<\/div>\n\t\t\t\t<\/div>\n\t\t\t\t<div class=\"elementor-element elementor-element-1dbcc58 elementor-widget elementor-widget-text-editor\" data-id=\"1dbcc58\" data-element_type=\"widget\" data-widget_type=\"text-editor.default\">\n\t\t\t\t<div class=\"elementor-widget-container\">\n\t\t\t\t\t\t\t<p><a href=\"https:\/\/ovolt.com.tr\/\" target=\"_blank\" rel=\"noopener\">ovolt.com.tr<\/a><\/p>\t\t\t\t\t\t<\/div>\n\t\t\t\t<\/div>\n\t\t\t\t\t<\/div>\n\t\t<\/div>\n\t\t\t\t\t<\/div>\n\t\t<\/section>\n\t\t<div class=\"elementor-element elementor-element-8877515 e-con-full elementor-hidden-desktop elementor-hidden-tablet elementor-hidden-mobile e-flex e-con e-parent\" data-id=\"8877515\" data-element_type=\"container\">\n\t\t<div class=\"elementor-element elementor-element-6f43a07 e-con-full e-flex e-con e-child\" data-id=\"6f43a07\" data-element_type=\"container\">\n\t\t<div class=\"elementor-element elementor-element-f9a43a3 e-con-full e-flex e-con e-child\" data-id=\"f9a43a3\" data-element_type=\"container\">\n\t\t<div class=\"elementor-element elementor-element-d2f6148 e-con-full e-flex e-con e-child\" data-id=\"d2f6148\" data-element_type=\"container\">\n\t\t\t\t<div class=\"elementor-element elementor-element-6f174e8 elementor-widget elementor-widget-text-editor\" data-id=\"6f174e8\" data-element_type=\"widget\" data-widget_type=\"text-editor.default\">\n\t\t\t\t<div class=\"elementor-widget-container\">\n\t\t\t\t\t\t\t<p><strong>Ovolt, T\u00fcrkiye&#8217;de elektrikli ara\u00e7 kullan\u0131m\u0131n\u0131 desteklemek i\u00e7in kapsaml\u0131 altyap\u0131 sa\u011flayan \u00f6nc\u00fc bir platformdur. T\u00fcrkiye&#8217;nin \u00f6nc\u00fc ara\u00e7 \u015farj istasyonu sa\u011flay\u0131c\u0131s\u0131 olarak, Ovolt, elektrikli ara\u00e7 sahiplerinin \u00fclke genelinde \u015farj istasyonu bulma endi\u015fesi olmadan \u00f6zg\u00fcrce seyahat etmelerini sa\u011flamaktad\u0131r.<\/strong><\/p>\t\t\t\t\t\t<\/div>\n\t\t\t\t<\/div>\n\t\t\t\t<div class=\"elementor-element elementor-element-4c2a67e elementor-widget elementor-widget-text-editor\" data-id=\"4c2a67e\" data-element_type=\"widget\" data-widget_type=\"text-editor.default\">\n\t\t\t\t<div class=\"elementor-widget-container\">\n\t\t\t\t\t\t\t<p><span style=\"font-weight: 400;\">Misyonumuz, g\u00fc\u00e7l\u00fc ve geni\u015f bir \u015farj istasyonu a\u011f\u0131 sunarak elektrikli ara\u00e7lar\u0131n benimsenmesini ve kullan\u0131m\u0131n\u0131 te\u015fvik etmektir. T\u00fcrkiye genelinde 1900&#8217;den fazla \u015farj \u00fcnitesi ile Azerbaycan ve K\u0131br\u0131s&#8217;ta da geni\u015flemeyi s\u00fcrd\u00fcren Ovolt, ye\u015fil ula\u015f\u0131m \u00e7\u00f6z\u00fcmlerini te\u015fvik etmeye kararl\u0131d\u0131r. Konut kompleksleri, i\u015fyerleri, al\u0131\u015fveri\u015f merkezleri, benzin istasyonlar\u0131, hastaneler ve daha bir\u00e7ok sekt\u00f6r\u00fc kapsayarak elektrikli ara\u00e7 \u015farj \u00e7\u00f6z\u00fcmlerinin herkese eri\u015filebilir olmas\u0131n\u0131 sa\u011fl\u0131yoruz.<\/span><\/p><p><span style=\"font-weight: 400;\">Ovolt, anahtar teslim \u015farj cihazlar\u0131n\u0131n sat\u0131\u015f\u0131, elektrik altyap\u0131s\u0131 ke\u015ffi ve kurulumu, teknik servis deste\u011fi ve \u015farj \u00fcnitelerini entegre etmek ve y\u00f6netmek i\u00e7in yaz\u0131l\u0131m \u00e7\u00f6z\u00fcmleri gibi \u00e7e\u015fitli hizmetler sunmaktad\u0131r. Geli\u015fmi\u015f yaz\u0131l\u0131m \u00e7\u00f6z\u00fcmlerimiz aras\u0131nda y\u00f6netim panelleri, raporlama panelleri, filo y\u00f6netim sistemleri ve kullan\u0131c\u0131lar\u0131n \u015farj istasyonlar\u0131n\u0131 kolayca bulmas\u0131n\u0131 ve kullanmas\u0131n\u0131 sa\u011flayan mobil uygulama bulunmaktad\u0131r.<\/span><\/p><p><span style=\"font-weight: 400;\">Otomotiv ve enerji sekt\u00f6rlerindeki \u00f6nde gelen \u015firketlerle ortakl\u0131k kurarak, Ovolt elektrikli ara\u00e7 \u015farj end\u00fcstrisinde \u00f6nemli bir oyuncu olarak sekt\u00f6de yerini alm\u0131\u015ft\u0131r.<\/span><\/p>\t\t\t\t\t\t<\/div>\n\t\t\t\t<\/div>\n\t\t\t\t<\/div>\n\t\t\t\t<\/div>\n\t\t\t\t<\/div>\n\t\t\t\t<\/div>\n\t\t<div class=\"elementor-element elementor-element-a9774d5 e-con-full e-flex e-con e-parent\" data-id=\"a9774d5\" data-element_type=\"container\">\n\t\t<div class=\"elementor-element elementor-element-44b9499 e-con-full e-flex e-con e-child\" data-id=\"44b9499\" data-element_type=\"container\">\n\t\t\t\t<div class=\"elementor-element elementor-element-7207a93 elementor-widget elementor-widget-leroux_core_advanced_image_slider\" data-id=\"7207a93\" data-element_type=\"widget\" data-widget_type=\"leroux_core_advanced_image_slider.default\">\n\t\t\t\t<div class=\"elementor-widget-container\">\n\t\t\t<div class=\"qodef-shortcode qodef-m  qodef-advanced-image-slider qodef-swiper-container \" data-options=\"{&quot;loop&quot;:true,&quot;autoplay&quot;:true,&quot;speed&quot;:&quot;&quot;,&quot;speedAnimation&quot;:&quot;&quot;,&quot;centeredSlides&quot;:true,&quot;slidesPerView&quot;:1.7279999999999999804600747665972448885440826416015625}\">\n\t<div class=\"swiper-wrapper\">\n\t\t<div class=\"qodef-e qodef-ais-image-wrapper swiper-slide\">\n\t<div class=\"qodef-ais-image-wrapper-inner\">\n\t\t\t\t\t\t<img decoding=\"async\" width=\"1920\" height=\"1080\" src=\"https:\/\/ozturkgroup.com.tr\/wp-content\/uploads\/2024\/06\/Ovolt-Residential-Scene_edit.jpg\" class=\"attachment-full size-full\" alt=\"\" srcset=\"https:\/\/ozturkgroup.com.tr\/wp-content\/uploads\/2024\/06\/Ovolt-Residential-Scene_edit.jpg 1920w, https:\/\/ozturkgroup.com.tr\/wp-content\/uploads\/2024\/06\/Ovolt-Residential-Scene_edit-300x169.jpg 300w, https:\/\/ozturkgroup.com.tr\/wp-content\/uploads\/2024\/06\/Ovolt-Residential-Scene_edit-1024x576.jpg 1024w, https:\/\/ozturkgroup.com.tr\/wp-content\/uploads\/2024\/06\/Ovolt-Residential-Scene_edit-768x432.jpg 768w, https:\/\/ozturkgroup.com.tr\/wp-content\/uploads\/2024\/06\/Ovolt-Residential-Scene_edit-1536x864.jpg 1536w\" sizes=\"(max-width: 1920px) 100vw, 1920px\" \/>\t\t\t\t\t<\/div>\n<\/div>\n<div class=\"qodef-e qodef-ais-image-wrapper swiper-slide\">\n\t<div class=\"qodef-ais-image-wrapper-inner\">\n\t\t\t\t\t\t<img decoding=\"async\" width=\"1920\" height=\"1080\" src=\"https:\/\/ozturkgroup.com.tr\/wp-content\/uploads\/2024\/06\/Ovolt-Dis-Mekan_Volvo_edit.jpg\" class=\"attachment-full size-full\" alt=\"\" srcset=\"https:\/\/ozturkgroup.com.tr\/wp-content\/uploads\/2024\/06\/Ovolt-Dis-Mekan_Volvo_edit.jpg 1920w, https:\/\/ozturkgroup.com.tr\/wp-content\/uploads\/2024\/06\/Ovolt-Dis-Mekan_Volvo_edit-300x169.jpg 300w, https:\/\/ozturkgroup.com.tr\/wp-content\/uploads\/2024\/06\/Ovolt-Dis-Mekan_Volvo_edit-1024x576.jpg 1024w, https:\/\/ozturkgroup.com.tr\/wp-content\/uploads\/2024\/06\/Ovolt-Dis-Mekan_Volvo_edit-768x432.jpg 768w, https:\/\/ozturkgroup.com.tr\/wp-content\/uploads\/2024\/06\/Ovolt-Dis-Mekan_Volvo_edit-1536x864.jpg 1536w\" sizes=\"(max-width: 1920px) 100vw, 1920px\" \/>\t\t\t\t\t<\/div>\n<\/div>\n<div class=\"qodef-e qodef-ais-image-wrapper swiper-slide\">\n\t<div class=\"qodef-ais-image-wrapper-inner\">\n\t\t\t\t\t\t<img loading=\"lazy\" decoding=\"async\" width=\"1920\" height=\"1080\" src=\"https:\/\/ozturkgroup.com.tr\/wp-content\/uploads\/2024\/06\/Ovolt-Dis-Mekan_edit.jpg\" class=\"attachment-full size-full\" alt=\"\" srcset=\"https:\/\/ozturkgroup.com.tr\/wp-content\/uploads\/2024\/06\/Ovolt-Dis-Mekan_edit.jpg 1920w, https:\/\/ozturkgroup.com.tr\/wp-content\/uploads\/2024\/06\/Ovolt-Dis-Mekan_edit-300x169.jpg 300w, https:\/\/ozturkgroup.com.tr\/wp-content\/uploads\/2024\/06\/Ovolt-Dis-Mekan_edit-1024x576.jpg 1024w, https:\/\/ozturkgroup.com.tr\/wp-content\/uploads\/2024\/06\/Ovolt-Dis-Mekan_edit-768x432.jpg 768w, https:\/\/ozturkgroup.com.tr\/wp-content\/uploads\/2024\/06\/Ovolt-Dis-Mekan_edit-1536x864.jpg 1536w\" sizes=\"(max-width: 1920px) 100vw, 1920px\" \/>\t\t\t\t\t<\/div>\n<\/div>\n<div class=\"qodef-e qodef-ais-image-wrapper swiper-slide\">\n\t<div class=\"qodef-ais-image-wrapper-inner\">\n\t\t\t\t\t\t<img loading=\"lazy\" decoding=\"async\" width=\"1920\" height=\"1080\" src=\"https:\/\/ozturkgroup.com.tr\/wp-content\/uploads\/2024\/06\/Ovolt-Anasayfa.584_edit_lq.jpg\" class=\"attachment-full size-full\" alt=\"\" srcset=\"https:\/\/ozturkgroup.com.tr\/wp-content\/uploads\/2024\/06\/Ovolt-Anasayfa.584_edit_lq.jpg 1920w, https:\/\/ozturkgroup.com.tr\/wp-content\/uploads\/2024\/06\/Ovolt-Anasayfa.584_edit_lq-300x169.jpg 300w, https:\/\/ozturkgroup.com.tr\/wp-content\/uploads\/2024\/06\/Ovolt-Anasayfa.584_edit_lq-1024x576.jpg 1024w, https:\/\/ozturkgroup.com.tr\/wp-content\/uploads\/2024\/06\/Ovolt-Anasayfa.584_edit_lq-768x432.jpg 768w, https:\/\/ozturkgroup.com.tr\/wp-content\/uploads\/2024\/06\/Ovolt-Anasayfa.584_edit_lq-1536x864.jpg 1536w\" sizes=\"(max-width: 1920px) 100vw, 1920px\" \/>\t\t\t\t\t<\/div>\n<\/div>\n<div class=\"qodef-e qodef-ais-image-wrapper swiper-slide\">\n\t<div class=\"qodef-ais-image-wrapper-inner\">\n\t\t\t\t\t\t<img loading=\"lazy\" decoding=\"async\" width=\"1920\" height=\"1080\" src=\"https:\/\/ozturkgroup.com.tr\/wp-content\/uploads\/2024\/06\/Opet_Cekmekoy.583_edit_lq.jpg\" class=\"attachment-full size-full\" alt=\"\" srcset=\"https:\/\/ozturkgroup.com.tr\/wp-content\/uploads\/2024\/06\/Opet_Cekmekoy.583_edit_lq.jpg 1920w, https:\/\/ozturkgroup.com.tr\/wp-content\/uploads\/2024\/06\/Opet_Cekmekoy.583_edit_lq-300x169.jpg 300w, https:\/\/ozturkgroup.com.tr\/wp-content\/uploads\/2024\/06\/Opet_Cekmekoy.583_edit_lq-1024x576.jpg 1024w, https:\/\/ozturkgroup.com.tr\/wp-content\/uploads\/2024\/06\/Opet_Cekmekoy.583_edit_lq-768x432.jpg 768w, https:\/\/ozturkgroup.com.tr\/wp-content\/uploads\/2024\/06\/Opet_Cekmekoy.583_edit_lq-1536x864.jpg 1536w\" sizes=\"(max-width: 1920px) 100vw, 1920px\" \/>\t\t\t\t\t<\/div>\n<\/div>\n\t<\/div>\n\t\t<div class=\"swiper-button-prev \"><svg class=\"qodef-svg--slider-arrow-left\" xmlns=\"http:\/\/www.w3.org\/2000\/svg\" width=\"32.113\" height=\"32.113\" viewBox=\"0 0 32.113 32.113\"><g><path d=\"M31.613 16.056H.50030163\"\/><path d=\"M16.18463714.81997019.8524408 16.15216652\"\/><path d=\"M16.18463714 31.48436286.8524408 16.15216652\"\/><\/g><g><path d=\"M31.613 16.056H.50030163\"\/><path d=\"M16.18463714.81997019.8524408 16.15216652\"\/><path d=\"M16.18463714 31.48436286.8524408 16.15216652\"\/><\/g><\/svg><\/div>\n\t<div class=\"swiper-button-next \"><svg class=\"qodef-svg--slider-arrow-right\" xmlns=\"http:\/\/www.w3.org\/2000\/svg\" width=\"32.113\" height=\"32.113\" viewBox=\"0 0 32.113 32.113\"><g><path d=\"M.49965081 16.05634919H31.6123492\"\/><path d=\"m15.92872078.82102648 15.33219634 15.33219634\"\/><path d=\"m15.92801367 31.48471204 15.33219634-15.33219633\"\/><\/g><g><path d=\"M.49965081 16.05634919H31.6123492\"\/><path d=\"m15.92872078.82102648 15.33219634 15.33219634\"\/><path d=\"m15.92801367 31.48471204 15.33219634-15.33219633\"\/><\/g><\/svg><\/div>\n\t<\/div>\n\t\t<\/div>\n\t\t\t\t<\/div>\n\t\t\t\t<\/div>\n\t\t\t\t<\/div>\n\t\t\t\t<section class=\"elementor-section elementor-top-section elementor-element elementor-element-340e552 elementor-section-full_width elementor-section-height-default elementor-section-height-default\" data-id=\"340e552\" data-element_type=\"section\" data-settings=\"{&quot;background_background&quot;:&quot;classic&quot;}\">\n\t\t\t\t\t\t<div class=\"elementor-container elementor-column-gap-default\">\n\t\t\t\t\t<div class=\"elementor-column elementor-col-100 elementor-top-column elementor-element elementor-element-4461287\" data-id=\"4461287\" data-element_type=\"column\">\n\t\t\t<div class=\"elementor-widget-wrap elementor-element-populated\">\n\t\t\t\t\t\t<section class=\"elementor-section elementor-inner-section elementor-element elementor-element-c1d7456 elementor-section-height-min-height elementor-section-full_width elementor-section-height-default\" data-id=\"c1d7456\" data-element_type=\"section\">\n\t\t\t\t\t\t<div class=\"elementor-container elementor-column-gap-default\">\n\t\t\t\t\t<div class=\"elementor-column elementor-col-25 elementor-inner-column elementor-element elementor-element-402a298\" data-id=\"402a298\" data-element_type=\"column\" data-settings=\"{&quot;background_background&quot;:&quot;classic&quot;}\">\n\t\t\t<div class=\"elementor-widget-wrap elementor-element-populated\">\n\t\t\t\t\t<div class=\"elementor-background-overlay\"><\/div>\n\t\t\t\t\t\t<div class=\"elementor-element elementor-element-f6c0eee elementor-widget elementor-widget-leroux_core_section_title\" data-id=\"f6c0eee\" data-element_type=\"widget\" data-widget_type=\"leroux_core_section_title.default\">\n\t\t\t\t<div class=\"elementor-widget-container\">\n\t\t\t<div class=\"qodef-shortcode qodef-m  qodef-section-title qodef-alignment--left \">\n\t\t<h4 class=\"qodef-m-title\" style=\"color: #FFFFFF\">\n\t\t\t\t\tEnerji\t\t\t<\/h4>\n\t<\/div>\n\t\t<\/div>\n\t\t\t\t<\/div>\n\t\t\t\t<div class=\"elementor-element elementor-element-b278ce0 elementor-widget elementor-widget-leroux_core_button\" data-id=\"b278ce0\" data-element_type=\"widget\" data-widget_type=\"leroux_core_button.default\">\n\t\t\t\t<div class=\"elementor-widget-container\">\n\t\t\t<a class=\"qodef-shortcode qodef-m  qodef-button qodef-layout--filled qodef-background--blur  qodef-html--link\" href=\"https:\/\/ozturkgroup.com.tr\/tr\/sektorler-enerji\/\" target=\"_self\"  >\n    <span class=\"qodef-m-text\">Daha fazla<\/span>\n    <span class=\"qodef-m-arrow\"><svg class=\"qodef-svg--button-arrow\" xmlns=\"http:\/\/www.w3.org\/2000\/svg\" width=\"10\" height=\"10\" viewBox=\"0 0 9.8 9.8\"><g><path d=\"m.4 9.4 9-9\"\/><path d=\"M.4.5h8.9\"\/><path d=\"M9.3 9.4V.5\"\/><\/g><g><path d=\"m.4 9.4 9-9\"\/><path d=\"M.4.5h8.9\"\/><path d=\"M9.3 9.4V.5\"\/><\/g><\/svg><\/span>\n<\/a>\n\t\t<\/div>\n\t\t\t\t<\/div>\n\t\t\t\t\t<\/div>\n\t\t<\/div>\n\t\t\t\t<div class=\"elementor-column elementor-col-25 elementor-inner-column elementor-element elementor-element-71da6e6\" data-id=\"71da6e6\" data-element_type=\"column\" data-settings=\"{&quot;background_background&quot;:&quot;classic&quot;}\">\n\t\t\t<div class=\"elementor-widget-wrap elementor-element-populated\">\n\t\t\t\t\t<div class=\"elementor-background-overlay\"><\/div>\n\t\t\t\t\t\t<div class=\"elementor-element elementor-element-407d590 elementor-widget elementor-widget-leroux_core_section_title\" data-id=\"407d590\" data-element_type=\"widget\" data-widget_type=\"leroux_core_section_title.default\">\n\t\t\t\t<div class=\"elementor-widget-container\">\n\t\t\t<div class=\"qodef-shortcode qodef-m  qodef-section-title qodef-alignment--left \">\n\t\t<h4 class=\"qodef-m-title\" style=\"color: #FFFFFF\">\n\t\t\t\t\tTurizm &amp; Golf\t\t\t<\/h4>\n\t<\/div>\n\t\t<\/div>\n\t\t\t\t<\/div>\n\t\t\t\t<div class=\"elementor-element elementor-element-82ee9b6 elementor-widget elementor-widget-leroux_core_button\" data-id=\"82ee9b6\" data-element_type=\"widget\" data-widget_type=\"leroux_core_button.default\">\n\t\t\t\t<div class=\"elementor-widget-container\">\n\t\t\t<a class=\"qodef-shortcode qodef-m  qodef-button qodef-layout--filled qodef-background--blur  qodef-html--link\" href=\"https:\/\/ozturkgroup.com.tr\/tr\/sektorler-turizm-golf\/\" target=\"_self\"  >\n    <span class=\"qodef-m-text\">Daha fazla<\/span>\n    <span class=\"qodef-m-arrow\"><svg class=\"qodef-svg--button-arrow\" xmlns=\"http:\/\/www.w3.org\/2000\/svg\" width=\"10\" height=\"10\" viewBox=\"0 0 9.8 9.8\"><g><path d=\"m.4 9.4 9-9\"\/><path d=\"M.4.5h8.9\"\/><path d=\"M9.3 9.4V.5\"\/><\/g><g><path d=\"m.4 9.4 9-9\"\/><path d=\"M.4.5h8.9\"\/><path d=\"M9.3 9.4V.5\"\/><\/g><\/svg><\/span>\n<\/a>\n\t\t<\/div>\n\t\t\t\t<\/div>\n\t\t\t\t\t<\/div>\n\t\t<\/div>\n\t\t\t\t<div class=\"elementor-column elementor-col-25 elementor-inner-column elementor-element elementor-element-c8825e1\" data-id=\"c8825e1\" data-element_type=\"column\" data-settings=\"{&quot;background_background&quot;:&quot;classic&quot;}\">\n\t\t\t<div class=\"elementor-widget-wrap elementor-element-populated\">\n\t\t\t\t\t<div class=\"elementor-background-overlay\"><\/div>\n\t\t\t\t\t\t<div class=\"elementor-element elementor-element-a65bffd elementor-widget elementor-widget-leroux_core_section_title\" data-id=\"a65bffd\" data-element_type=\"widget\" data-widget_type=\"leroux_core_section_title.default\">\n\t\t\t\t<div class=\"elementor-widget-container\">\n\t\t\t<div class=\"qodef-shortcode qodef-m  qodef-section-title qodef-alignment--left \">\n\t\t<h4 class=\"qodef-m-title\" style=\"color: #FFFFFF\">\n\t\t\t\t\t\u0130n\u015faat &amp; Gayrimenkul\t\t\t<\/h4>\n\t<\/div>\n\t\t<\/div>\n\t\t\t\t<\/div>\n\t\t\t\t<div class=\"elementor-element elementor-element-acad698 elementor-widget elementor-widget-leroux_core_button\" data-id=\"acad698\" data-element_type=\"widget\" data-widget_type=\"leroux_core_button.default\">\n\t\t\t\t<div class=\"elementor-widget-container\">\n\t\t\t<a class=\"qodef-shortcode qodef-m  qodef-button qodef-layout--filled qodef-background--blur  qodef-html--link\" href=\"https:\/\/ozturkgroup.com.tr\/tr\/sektorler-insaat-gayrimenkul\/\" target=\"_self\"  >\n    <span class=\"qodef-m-text\">Daha fazla<\/span>\n    <span class=\"qodef-m-arrow\"><svg class=\"qodef-svg--button-arrow\" xmlns=\"http:\/\/www.w3.org\/2000\/svg\" width=\"10\" height=\"10\" viewBox=\"0 0 9.8 9.8\"><g><path d=\"m.4 9.4 9-9\"\/><path d=\"M.4.5h8.9\"\/><path d=\"M9.3 9.4V.5\"\/><\/g><g><path d=\"m.4 9.4 9-9\"\/><path d=\"M.4.5h8.9\"\/><path d=\"M9.3 9.4V.5\"\/><\/g><\/svg><\/span>\n<\/a>\n\t\t<\/div>\n\t\t\t\t<\/div>\n\t\t\t\t\t<\/div>\n\t\t<\/div>\n\t\t\t\t<div class=\"elementor-column elementor-col-25 elementor-inner-column elementor-element elementor-element-d9d2dda\" data-id=\"d9d2dda\" data-element_type=\"column\" data-settings=\"{&quot;background_background&quot;:&quot;classic&quot;}\">\n\t\t\t<div class=\"elementor-widget-wrap elementor-element-populated\">\n\t\t\t\t\t<div class=\"elementor-background-overlay\"><\/div>\n\t\t\t\t\t\t<div class=\"elementor-element elementor-element-4b684e7 elementor-widget elementor-widget-leroux_core_section_title\" data-id=\"4b684e7\" data-element_type=\"widget\" data-widget_type=\"leroux_core_section_title.default\">\n\t\t\t\t<div class=\"elementor-widget-container\">\n\t\t\t<div class=\"qodef-shortcode qodef-m  qodef-section-title qodef-alignment--left \">\n\t\t<h4 class=\"qodef-m-title\" style=\"color: #FFFFFF\">\n\t\t\t\t\tLojistik\t\t\t<\/h4>\n\t<\/div>\n\t\t<\/div>\n\t\t\t\t<\/div>\n\t\t\t\t<div class=\"elementor-element elementor-element-bb50f85 elementor-widget elementor-widget-leroux_core_button\" data-id=\"bb50f85\" data-element_type=\"widget\" data-widget_type=\"leroux_core_button.default\">\n\t\t\t\t<div class=\"elementor-widget-container\">\n\t\t\t<a class=\"qodef-shortcode qodef-m  qodef-button qodef-layout--filled qodef-background--blur  qodef-html--link\" href=\"https:\/\/ozturkgroup.com.tr\/tr\/sektorler-lojistik\/\" target=\"_self\"  >\n    <span class=\"qodef-m-text\">Daha fazla<\/span>\n    <span class=\"qodef-m-arrow\"><svg class=\"qodef-svg--button-arrow\" xmlns=\"http:\/\/www.w3.org\/2000\/svg\" width=\"10\" height=\"10\" viewBox=\"0 0 9.8 9.8\"><g><path d=\"m.4 9.4 9-9\"\/><path d=\"M.4.5h8.9\"\/><path d=\"M9.3 9.4V.5\"\/><\/g><g><path d=\"m.4 9.4 9-9\"\/><path d=\"M.4.5h8.9\"\/><path d=\"M9.3 9.4V.5\"\/><\/g><\/svg><\/span>\n<\/a>\n\t\t<\/div>\n\t\t\t\t<\/div>\n\t\t\t\t\t<\/div>\n\t\t<\/div>\n\t\t\t\t\t<\/div>\n\t\t<\/section>\n\t\t\t\t\t<\/div>\n\t\t<\/div>\n\t\t\t\t\t<\/div>\n\t\t<\/section>\n\t\t\t\t<\/div>\n\t\t","protected":false},"excerpt":{"rendered":"<p>Ovolt Genel Merkez \u00c7aml\u0131ca K\u0131s\u0131kl\u0131 Mh. Alemda\u011f Cd. No:60 Masaldan \u0130\u015f Merkezi F Blok D:3 \u00dcsk\u00fcdar 34692 \u0130stanbul Telefon +90 (216) 522 68 40 Fax +90 (216) 412 52 20 Web Adresi ovolt.com.tr Ovolt, T\u00fcrkiye&#8217;de elektrikli ara\u00e7 kullan\u0131m\u0131n\u0131 desteklemek i\u00e7in kapsaml\u0131 altyap\u0131 sa\u011flayan \u00f6nc\u00fc bir platformdur. T\u00fcrkiye&#8217;nin \u00f6nc\u00fc ara\u00e7 \u015farj istasyonu sa\u011flay\u0131c\u0131s\u0131 olarak, Ovolt, elektrikli [&hellip;]<\/p>\n","protected":false},"author":1,"featured_media":0,"parent":0,"menu_order":0,"comment_status":"closed","ping_status":"closed","template":"page-full-width.php","meta":{"footnotes":""},"class_list":["post-13677","page","type-page","status-publish","hentry"],"_links":{"self":[{"href":"https:\/\/ozturkgroup.com.tr\/tr\/wp-json\/wp\/v2\/pages\/13677","targetHints":{"allow":["GET"]}}],"collection":[{"href":"https:\/\/ozturkgroup.com.tr\/tr\/wp-json\/wp\/v2\/pages"}],"about":[{"href":"https:\/\/ozturkgroup.com.tr\/tr\/wp-json\/wp\/v2\/types\/page"}],"author":[{"embeddable":true,"href":"https:\/\/ozturkgroup.com.tr\/tr\/wp-json\/wp\/v2\/users\/1"}],"replies":[{"embeddable":true,"href":"https:\/\/ozturkgroup.com.tr\/tr\/wp-json\/wp\/v2\/comments?post=13677"}],"version-history":[{"count":0,"href":"https:\/\/ozturkgroup.com.tr\/tr\/wp-json\/wp\/v2\/pages\/13677\/revisions"}],"wp:attachment":[{"href":"https:\/\/ozturkgroup.com.tr\/tr\/wp-json\/wp\/v2\/media?parent=13677"}],"curies":[{"name":"wp","href":"https:\/\/api.w.org\/{rel}","templated":true}]}}