{"id":13045,"date":"2024-06-28T19:56:42","date_gmt":"2024-06-28T19:56:42","guid":{"rendered":"https:\/\/ozturkgroup.com.tr\/guvenok-logistics\/"},"modified":"2024-07-23T23:22:54","modified_gmt":"2024-07-23T23:22:54","slug":"guvenok-lojistik","status":"publish","type":"page","link":"https:\/\/ozturkgroup.com.tr\/tr\/guvenok-lojistik\/","title":{"rendered":"G\u00fcvenok Lojistik"},"content":{"rendered":"\t\t<div data-elementor-type=\"wp-page\" data-elementor-id=\"13045\" class=\"elementor elementor-13045 elementor-11913\">\n\t\t\t\t<div class=\"elementor-element elementor-element-464f18a e-con-full e-flex e-con e-parent\" data-id=\"464f18a\" data-element_type=\"container\" data-settings=\"{&quot;background_background&quot;:&quot;classic&quot;}\">\n\t\t<div class=\"elementor-element elementor-element-9e8b894 e-con-full e-flex e-con e-child\" data-id=\"9e8b894\" data-element_type=\"container\">\n\t\t\t\t<div class=\"elementor-element elementor-element-68951f6 elementor-widget elementor-widget-leroux_core_section_title\" data-id=\"68951f6\" data-element_type=\"widget\" data-widget_type=\"leroux_core_section_title.default\">\n\t\t\t\t<div class=\"elementor-widget-container\">\n\t\t\t<div class=\"qodef-shortcode qodef-m  qodef-section-title qodef-alignment--left \">\n\t\t<h1 class=\"qodef-m-title\" style=\"color: #FFFFFF\">\n\t\t\t\t\tG\u00fcvenok Lojistik\t\t\t<\/h1>\n\t<\/div>\n\t\t<\/div>\n\t\t\t\t<\/div>\n\t\t\t\t<\/div>\n\t\t\t\t<\/div>\n\t\t\t\t<section class=\"elementor-section elementor-top-section elementor-element elementor-element-cefea67 elementor-section-full_width elementor-section-content-middle elementor-section-height-default elementor-section-height-default\" data-id=\"cefea67\" data-element_type=\"section\" data-settings=\"{&quot;background_background&quot;:&quot;classic&quot;}\">\n\t\t\t\t\t\t<div class=\"elementor-container elementor-column-gap-no\">\n\t\t\t\t\t<div class=\"elementor-column elementor-col-20 elementor-top-column elementor-element elementor-element-6845083\" data-id=\"6845083\" data-element_type=\"column\">\n\t\t\t<div class=\"elementor-widget-wrap elementor-element-populated\">\n\t\t\t\t\t\t<div class=\"elementor-element elementor-element-69e3f48 elementor-widget elementor-widget-image\" data-id=\"69e3f48\" data-element_type=\"widget\" data-widget_type=\"image.default\">\n\t\t\t\t<div class=\"elementor-widget-container\">\n\t\t\t\t\t\t\t\t\t\t\t\t\t<img fetchpriority=\"high\" decoding=\"async\" width=\"575\" height=\"420\" src=\"https:\/\/ozturkgroup.com.tr\/wp-content\/uploads\/2024\/06\/Group-Logolari_28.06.24-13.png\" class=\"attachment-large size-large wp-image-12673\" alt=\"\" srcset=\"https:\/\/ozturkgroup.com.tr\/wp-content\/uploads\/2024\/06\/Group-Logolari_28.06.24-13.png 575w, https:\/\/ozturkgroup.com.tr\/wp-content\/uploads\/2024\/06\/Group-Logolari_28.06.24-13-300x219.png 300w\" sizes=\"(max-width: 575px) 100vw, 575px\" \/>\t\t\t\t\t\t\t\t\t\t\t\t\t<\/div>\n\t\t\t\t<\/div>\n\t\t\t\t\t<\/div>\n\t\t<\/div>\n\t\t\t\t<div class=\"elementor-column elementor-col-20 elementor-top-column elementor-element elementor-element-d3f2953\" data-id=\"d3f2953\" data-element_type=\"column\">\n\t\t\t<div class=\"elementor-widget-wrap elementor-element-populated\">\n\t\t\t\t\t\t<div class=\"elementor-element elementor-element-9990762 elementor-widget elementor-widget-leroux_core_section_title\" data-id=\"9990762\" data-element_type=\"widget\" data-widget_type=\"leroux_core_section_title.default\">\n\t\t\t\t<div class=\"elementor-widget-container\">\n\t\t\t<div class=\"qodef-shortcode qodef-m  qodef-section-title qodef-alignment--left \">\n\t\t<h4 class=\"qodef-m-title\" >\n\t\t\t\t\tGenel Merkez\t\t\t<\/h4>\n\t\t<p class=\"qodef-m-text\" >\u00c7aml\u0131ca K\u0131s\u0131kl\u0131 Mah. Alemda\u011f Cad. No:60 Masaldan i\u015f Merkezi D Blok Zemin Kat \u00dcsk\u00fcdar \/ \u0130stanbul<\/p>\n<\/div>\n\t\t<\/div>\n\t\t\t\t<\/div>\n\t\t\t\t\t<\/div>\n\t\t<\/div>\n\t\t\t\t<div class=\"elementor-column elementor-col-20 elementor-top-column elementor-element elementor-element-0efd315\" data-id=\"0efd315\" data-element_type=\"column\">\n\t\t\t<div class=\"elementor-widget-wrap elementor-element-populated\">\n\t\t\t\t\t\t<div class=\"elementor-element elementor-element-88d24e6 elementor-widget elementor-widget-leroux_core_section_title\" data-id=\"88d24e6\" data-element_type=\"widget\" data-widget_type=\"leroux_core_section_title.default\">\n\t\t\t\t<div class=\"elementor-widget-container\">\n\t\t\t<div class=\"qodef-shortcode qodef-m  qodef-section-title qodef-alignment--left \">\n\t\t<h4 class=\"qodef-m-title\" >\n\t\t\t\t\tTelefon\t\t\t<\/h4>\n\t\t<p class=\"qodef-m-text\" >+90 (216) 522 90 46<\/p>\n<\/div>\n\t\t<\/div>\n\t\t\t\t<\/div>\n\t\t\t\t\t<\/div>\n\t\t<\/div>\n\t\t\t\t<div class=\"elementor-column elementor-col-20 elementor-top-column elementor-element elementor-element-8d77d33\" data-id=\"8d77d33\" data-element_type=\"column\">\n\t\t\t<div class=\"elementor-widget-wrap elementor-element-populated\">\n\t\t\t\t\t\t<div class=\"elementor-element elementor-element-45d3a4d elementor-widget elementor-widget-leroux_core_section_title\" data-id=\"45d3a4d\" data-element_type=\"widget\" data-widget_type=\"leroux_core_section_title.default\">\n\t\t\t\t<div class=\"elementor-widget-container\">\n\t\t\t<div class=\"qodef-shortcode qodef-m  qodef-section-title qodef-alignment--left \">\n\t\t<h4 class=\"qodef-m-title\" >\n\t\t\t\t\tFax\t\t\t<\/h4>\n\t\t<p class=\"qodef-m-text\" >+90 (216) 522 90 46<\/p>\n<\/div>\n\t\t<\/div>\n\t\t\t\t<\/div>\n\t\t\t\t\t<\/div>\n\t\t<\/div>\n\t\t\t\t<div class=\"elementor-column elementor-col-20 elementor-top-column elementor-element elementor-element-ff63fbb\" data-id=\"ff63fbb\" data-element_type=\"column\">\n\t\t\t<div class=\"elementor-widget-wrap elementor-element-populated\">\n\t\t\t\t\t\t<div class=\"elementor-element elementor-element-2300f6d elementor-widget elementor-widget-leroux_core_section_title\" data-id=\"2300f6d\" data-element_type=\"widget\" data-widget_type=\"leroux_core_section_title.default\">\n\t\t\t\t<div class=\"elementor-widget-container\">\n\t\t\t<div class=\"qodef-shortcode qodef-m  qodef-section-title qodef-alignment--left \">\n\t\t<h4 class=\"qodef-m-title\" >\n\t\t\t\t\tWeb Adresi\t\t\t<\/h4>\n\t<\/div>\n\t\t<\/div>\n\t\t\t\t<\/div>\n\t\t\t\t<div class=\"elementor-element elementor-element-1dbcc58 elementor-widget elementor-widget-text-editor\" data-id=\"1dbcc58\" data-element_type=\"widget\" data-widget_type=\"text-editor.default\">\n\t\t\t\t<div class=\"elementor-widget-container\">\n\t\t\t\t\t\t\t<p><a href=\"https:\/\/www.guvenok.com.tr\/\">guvenok.com.tr<\/a><\/p>\t\t\t\t\t\t<\/div>\n\t\t\t\t<\/div>\n\t\t\t\t\t<\/div>\n\t\t<\/div>\n\t\t\t\t\t<\/div>\n\t\t<\/section>\n\t\t<div class=\"elementor-element elementor-element-8877515 e-con-full elementor-hidden-desktop elementor-hidden-tablet elementor-hidden-mobile e-flex e-con e-parent\" data-id=\"8877515\" data-element_type=\"container\">\n\t\t<div class=\"elementor-element elementor-element-6f43a07 e-con-full e-flex e-con e-child\" data-id=\"6f43a07\" data-element_type=\"container\">\n\t\t<div class=\"elementor-element elementor-element-f9a43a3 e-con-full e-flex e-con e-child\" data-id=\"f9a43a3\" data-element_type=\"container\">\n\t\t<div class=\"elementor-element elementor-element-d2f6148 e-con-full e-flex e-con e-child\" data-id=\"d2f6148\" data-element_type=\"container\">\n\t\t\t\t<div class=\"elementor-element elementor-element-6f174e8 elementor-widget elementor-widget-text-editor\" data-id=\"6f174e8\" data-element_type=\"widget\" data-widget_type=\"text-editor.default\">\n\t\t\t\t<div class=\"elementor-widget-container\">\n\t\t\t\t\t\t\t<p><strong>G\u00fcvenok A.\u015e. 1998 y\u0131l\u0131nda kuruldu. G\u00f6revi, akaryak\u0131t sekt\u00f6r\u00fcnde y\u00fcksek verimli bir ta\u015f\u0131ma hizmeti sunmakt\u0131. Bu g\u00f6revi ba\u015far\u0131yla yerine getirdi ve g\u00fc\u00e7lenmeye ba\u015flad\u0131. 2006 y\u0131l\u0131nda b\u00fcy\u00fck bir ilerleme kaydedildi ve T\u00fcrkiye\u2019nin en b\u00fcy\u00fck \u015firketleri i\u00e7in akaryak\u0131t ta\u015f\u0131ma \u015firketi olarak, t\u00fcm depolar\u0131 aras\u0131nda sevkiyatlar\u0131 ger\u00e7ekle\u015ftirmeye ba\u015flad\u0131.<\/strong><\/p>\t\t\t\t\t\t<\/div>\n\t\t\t\t<\/div>\n\t\t\t\t<div class=\"elementor-element elementor-element-4c2a67e elementor-widget elementor-widget-text-editor\" data-id=\"4c2a67e\" data-element_type=\"widget\" data-widget_type=\"text-editor.default\">\n\t\t\t\t<div class=\"elementor-widget-container\">\n\t\t\t\t\t\t\t<p>S\u0131k\u0131 ta\u015f\u0131ma, g\u00fcvenlik ve g\u00fcvenlik d\u00fczenlemelerine tam uyum sa\u011flayarak, \u015fu anda bu sekt\u00f6rde T\u00fcrkiye\u2019nin \u00f6nde gelen \u015firketlerinden biri haline gelmi\u015ftir.<\/p><p>Bu, G\u00fcvenok Lojistik\u2019in b\u00fcy\u00fcmesinde \u00f6nemli bir rol oynam\u0131\u015ft\u0131r ve g\u00fcn\u00fcm\u00fczde y\u00fcksek standartlar ilkesini asla d\u00fc\u015f\u00fcrmeden, b\u00fcy\u00fck \u015firketlerle \u00e7ok yak\u0131n ittifaklar kurduk ve m\u00fckemmel \u00fcr\u00fcnler ve birinci s\u0131n\u0131f m\u00fc\u015fteri hizmeti prensibimizi s\u00fcrd\u00fcrmekteyiz.<\/p>\t\t\t\t\t\t<\/div>\n\t\t\t\t<\/div>\n\t\t\t\t<\/div>\n\t\t\t\t<\/div>\n\t\t\t\t<\/div>\n\t\t\t\t<\/div>\n\t\t<div class=\"elementor-element elementor-element-a9774d5 e-con-full e-flex e-con e-parent\" data-id=\"a9774d5\" data-element_type=\"container\">\n\t\t<div class=\"elementor-element elementor-element-44b9499 e-con-full e-flex e-con e-child\" data-id=\"44b9499\" data-element_type=\"container\">\n\t\t\t\t<div class=\"elementor-element elementor-element-7207a93 elementor-widget elementor-widget-leroux_core_advanced_image_slider\" data-id=\"7207a93\" data-element_type=\"widget\" data-widget_type=\"leroux_core_advanced_image_slider.default\">\n\t\t\t\t<div class=\"elementor-widget-container\">\n\t\t\t<div class=\"qodef-shortcode qodef-m  qodef-advanced-image-slider qodef-swiper-container \" data-options=\"{&quot;loop&quot;:true,&quot;autoplay&quot;:true,&quot;speed&quot;:&quot;&quot;,&quot;speedAnimation&quot;:&quot;&quot;,&quot;centeredSlides&quot;:true,&quot;slidesPerView&quot;:1.7279999999999999804600747665972448885440826416015625}\">\n\t<div class=\"swiper-wrapper\">\n\t\t<div class=\"qodef-e qodef-ais-image-wrapper swiper-slide\">\n\t<div class=\"qodef-ais-image-wrapper-inner\">\n\t\t\t\t\t\t<img decoding=\"async\" width=\"1920\" height=\"1080\" src=\"https:\/\/ozturkgroup.com.tr\/wp-content\/uploads\/2024\/06\/IMG_3885.jpg\" class=\"attachment-full size-full\" alt=\"\" srcset=\"https:\/\/ozturkgroup.com.tr\/wp-content\/uploads\/2024\/06\/IMG_3885.jpg 1920w, https:\/\/ozturkgroup.com.tr\/wp-content\/uploads\/2024\/06\/IMG_3885-300x169.jpg 300w, https:\/\/ozturkgroup.com.tr\/wp-content\/uploads\/2024\/06\/IMG_3885-1024x576.jpg 1024w, https:\/\/ozturkgroup.com.tr\/wp-content\/uploads\/2024\/06\/IMG_3885-768x432.jpg 768w, https:\/\/ozturkgroup.com.tr\/wp-content\/uploads\/2024\/06\/IMG_3885-1536x864.jpg 1536w, https:\/\/ozturkgroup.com.tr\/wp-content\/uploads\/2024\/06\/IMG_3885-600x338.jpg 600w\" sizes=\"(max-width: 1920px) 100vw, 1920px\" \/>\t\t\t\t\t<\/div>\n<\/div>\n<div class=\"qodef-e qodef-ais-image-wrapper swiper-slide\">\n\t<div class=\"qodef-ais-image-wrapper-inner\">\n\t\t\t\t\t\t<img decoding=\"async\" width=\"1920\" height=\"1080\" src=\"https:\/\/ozturkgroup.com.tr\/wp-content\/uploads\/2024\/06\/IMG_3908_edit.jpg\" class=\"attachment-full size-full\" alt=\"\" srcset=\"https:\/\/ozturkgroup.com.tr\/wp-content\/uploads\/2024\/06\/IMG_3908_edit.jpg 1920w, https:\/\/ozturkgroup.com.tr\/wp-content\/uploads\/2024\/06\/IMG_3908_edit-300x169.jpg 300w, https:\/\/ozturkgroup.com.tr\/wp-content\/uploads\/2024\/06\/IMG_3908_edit-1024x576.jpg 1024w, https:\/\/ozturkgroup.com.tr\/wp-content\/uploads\/2024\/06\/IMG_3908_edit-768x432.jpg 768w, https:\/\/ozturkgroup.com.tr\/wp-content\/uploads\/2024\/06\/IMG_3908_edit-1536x864.jpg 1536w, https:\/\/ozturkgroup.com.tr\/wp-content\/uploads\/2024\/06\/IMG_3908_edit-600x338.jpg 600w\" sizes=\"(max-width: 1920px) 100vw, 1920px\" \/>\t\t\t\t\t<\/div>\n<\/div>\n<div class=\"qodef-e qodef-ais-image-wrapper swiper-slide\">\n\t<div class=\"qodef-ais-image-wrapper-inner\">\n\t\t\t\t\t\t<img loading=\"lazy\" decoding=\"async\" width=\"1920\" height=\"1080\" src=\"https:\/\/ozturkgroup.com.tr\/wp-content\/uploads\/2024\/06\/IMG_3920.jpg\" class=\"attachment-full size-full\" alt=\"\" srcset=\"https:\/\/ozturkgroup.com.tr\/wp-content\/uploads\/2024\/06\/IMG_3920.jpg 1920w, https:\/\/ozturkgroup.com.tr\/wp-content\/uploads\/2024\/06\/IMG_3920-300x169.jpg 300w, https:\/\/ozturkgroup.com.tr\/wp-content\/uploads\/2024\/06\/IMG_3920-1024x576.jpg 1024w, https:\/\/ozturkgroup.com.tr\/wp-content\/uploads\/2024\/06\/IMG_3920-768x432.jpg 768w, https:\/\/ozturkgroup.com.tr\/wp-content\/uploads\/2024\/06\/IMG_3920-1536x864.jpg 1536w, https:\/\/ozturkgroup.com.tr\/wp-content\/uploads\/2024\/06\/IMG_3920-600x338.jpg 600w\" sizes=\"(max-width: 1920px) 100vw, 1920px\" \/>\t\t\t\t\t<\/div>\n<\/div>\n<div class=\"qodef-e qodef-ais-image-wrapper swiper-slide\">\n\t<div class=\"qodef-ais-image-wrapper-inner\">\n\t\t\t\t\t\t<img loading=\"lazy\" decoding=\"async\" width=\"1920\" height=\"1080\" src=\"https:\/\/ozturkgroup.com.tr\/wp-content\/uploads\/2024\/06\/IMG_3940_edit.jpg\" class=\"attachment-full size-full\" alt=\"\" srcset=\"https:\/\/ozturkgroup.com.tr\/wp-content\/uploads\/2024\/06\/IMG_3940_edit.jpg 1920w, https:\/\/ozturkgroup.com.tr\/wp-content\/uploads\/2024\/06\/IMG_3940_edit-300x169.jpg 300w, https:\/\/ozturkgroup.com.tr\/wp-content\/uploads\/2024\/06\/IMG_3940_edit-1024x576.jpg 1024w, https:\/\/ozturkgroup.com.tr\/wp-content\/uploads\/2024\/06\/IMG_3940_edit-768x432.jpg 768w, https:\/\/ozturkgroup.com.tr\/wp-content\/uploads\/2024\/06\/IMG_3940_edit-1536x864.jpg 1536w, https:\/\/ozturkgroup.com.tr\/wp-content\/uploads\/2024\/06\/IMG_3940_edit-600x338.jpg 600w\" sizes=\"(max-width: 1920px) 100vw, 1920px\" \/>\t\t\t\t\t<\/div>\n<\/div>\n<div class=\"qodef-e qodef-ais-image-wrapper swiper-slide\">\n\t<div class=\"qodef-ais-image-wrapper-inner\">\n\t\t\t\t\t\t<img loading=\"lazy\" decoding=\"async\" width=\"1920\" height=\"1080\" src=\"https:\/\/ozturkgroup.com.tr\/wp-content\/uploads\/2024\/06\/IMG_4010.jpg\" class=\"attachment-full size-full\" alt=\"\" srcset=\"https:\/\/ozturkgroup.com.tr\/wp-content\/uploads\/2024\/06\/IMG_4010.jpg 1920w, https:\/\/ozturkgroup.com.tr\/wp-content\/uploads\/2024\/06\/IMG_4010-300x169.jpg 300w, https:\/\/ozturkgroup.com.tr\/wp-content\/uploads\/2024\/06\/IMG_4010-1024x576.jpg 1024w, https:\/\/ozturkgroup.com.tr\/wp-content\/uploads\/2024\/06\/IMG_4010-768x432.jpg 768w, https:\/\/ozturkgroup.com.tr\/wp-content\/uploads\/2024\/06\/IMG_4010-1536x864.jpg 1536w, https:\/\/ozturkgroup.com.tr\/wp-content\/uploads\/2024\/06\/IMG_4010-600x338.jpg 600w\" sizes=\"(max-width: 1920px) 100vw, 1920px\" \/>\t\t\t\t\t<\/div>\n<\/div>\n\t<\/div>\n\t\t<div class=\"swiper-button-prev \"><svg class=\"qodef-svg--slider-arrow-left\" xmlns=\"http:\/\/www.w3.org\/2000\/svg\" width=\"32.113\" height=\"32.113\" viewBox=\"0 0 32.113 32.113\"><g><path d=\"M31.613 16.056H.50030163\"\/><path d=\"M16.18463714.81997019.8524408 16.15216652\"\/><path d=\"M16.18463714 31.48436286.8524408 16.15216652\"\/><\/g><g><path d=\"M31.613 16.056H.50030163\"\/><path d=\"M16.18463714.81997019.8524408 16.15216652\"\/><path d=\"M16.18463714 31.48436286.8524408 16.15216652\"\/><\/g><\/svg><\/div>\n\t<div class=\"swiper-button-next \"><svg class=\"qodef-svg--slider-arrow-right\" xmlns=\"http:\/\/www.w3.org\/2000\/svg\" width=\"32.113\" height=\"32.113\" viewBox=\"0 0 32.113 32.113\"><g><path d=\"M.49965081 16.05634919H31.6123492\"\/><path d=\"m15.92872078.82102648 15.33219634 15.33219634\"\/><path d=\"m15.92801367 31.48471204 15.33219634-15.33219633\"\/><\/g><g><path d=\"M.49965081 16.05634919H31.6123492\"\/><path d=\"m15.92872078.82102648 15.33219634 15.33219634\"\/><path d=\"m15.92801367 31.48471204 15.33219634-15.33219633\"\/><\/g><\/svg><\/div>\n\t<\/div>\n\t\t<\/div>\n\t\t\t\t<\/div>\n\t\t\t\t<\/div>\n\t\t\t\t<\/div>\n\t\t\t\t<section class=\"elementor-section elementor-top-section elementor-element elementor-element-442f0c9 elementor-section-full_width elementor-section-height-default elementor-section-height-default\" data-id=\"442f0c9\" data-element_type=\"section\" data-settings=\"{&quot;background_background&quot;:&quot;classic&quot;}\">\n\t\t\t\t\t\t<div class=\"elementor-container elementor-column-gap-default\">\n\t\t\t\t\t<div class=\"elementor-column elementor-col-100 elementor-top-column elementor-element elementor-element-4d80d2d\" data-id=\"4d80d2d\" data-element_type=\"column\">\n\t\t\t<div class=\"elementor-widget-wrap elementor-element-populated\">\n\t\t\t\t\t\t<section class=\"elementor-section elementor-inner-section elementor-element elementor-element-9014bd3 elementor-section-height-min-height elementor-section-full_width elementor-section-height-default\" data-id=\"9014bd3\" data-element_type=\"section\">\n\t\t\t\t\t\t<div class=\"elementor-container elementor-column-gap-default\">\n\t\t\t\t\t<div class=\"elementor-column elementor-col-25 elementor-inner-column elementor-element elementor-element-7f3d914\" data-id=\"7f3d914\" data-element_type=\"column\" data-settings=\"{&quot;background_background&quot;:&quot;classic&quot;}\">\n\t\t\t<div class=\"elementor-widget-wrap elementor-element-populated\">\n\t\t\t\t\t<div class=\"elementor-background-overlay\"><\/div>\n\t\t\t\t\t\t<div class=\"elementor-element elementor-element-55cea17 elementor-widget elementor-widget-leroux_core_section_title\" data-id=\"55cea17\" data-element_type=\"widget\" data-widget_type=\"leroux_core_section_title.default\">\n\t\t\t\t<div class=\"elementor-widget-container\">\n\t\t\t<div class=\"qodef-shortcode qodef-m  qodef-section-title qodef-alignment--left \">\n\t\t<h4 class=\"qodef-m-title\" style=\"color: #FFFFFF\">\n\t\t\t\t\tEnerji\t\t\t<\/h4>\n\t<\/div>\n\t\t<\/div>\n\t\t\t\t<\/div>\n\t\t\t\t<div class=\"elementor-element elementor-element-79ed4ca elementor-widget elementor-widget-leroux_core_button\" data-id=\"79ed4ca\" data-element_type=\"widget\" data-widget_type=\"leroux_core_button.default\">\n\t\t\t\t<div class=\"elementor-widget-container\">\n\t\t\t<a class=\"qodef-shortcode qodef-m  qodef-button qodef-layout--filled qodef-background--blur  qodef-html--link\" href=\"https:\/\/ozturkgroup.com.tr\/tr\/sektorler-enerji\/\" target=\"_self\"  >\n    <span class=\"qodef-m-text\">Daha fazla<\/span>\n    <span class=\"qodef-m-arrow\"><svg class=\"qodef-svg--button-arrow\" xmlns=\"http:\/\/www.w3.org\/2000\/svg\" width=\"10\" height=\"10\" viewBox=\"0 0 9.8 9.8\"><g><path d=\"m.4 9.4 9-9\"\/><path d=\"M.4.5h8.9\"\/><path d=\"M9.3 9.4V.5\"\/><\/g><g><path d=\"m.4 9.4 9-9\"\/><path d=\"M.4.5h8.9\"\/><path d=\"M9.3 9.4V.5\"\/><\/g><\/svg><\/span>\n<\/a>\n\t\t<\/div>\n\t\t\t\t<\/div>\n\t\t\t\t\t<\/div>\n\t\t<\/div>\n\t\t\t\t<div class=\"elementor-column elementor-col-25 elementor-inner-column elementor-element elementor-element-3fad762\" data-id=\"3fad762\" data-element_type=\"column\" data-settings=\"{&quot;background_background&quot;:&quot;classic&quot;}\">\n\t\t\t<div class=\"elementor-widget-wrap elementor-element-populated\">\n\t\t\t\t\t<div class=\"elementor-background-overlay\"><\/div>\n\t\t\t\t\t\t<div class=\"elementor-element elementor-element-2b0e78d elementor-widget elementor-widget-leroux_core_section_title\" data-id=\"2b0e78d\" data-element_type=\"widget\" data-widget_type=\"leroux_core_section_title.default\">\n\t\t\t\t<div class=\"elementor-widget-container\">\n\t\t\t<div class=\"qodef-shortcode qodef-m  qodef-section-title qodef-alignment--left \">\n\t\t<h4 class=\"qodef-m-title\" style=\"color: #FFFFFF\">\n\t\t\t\t\tTurizm &amp; Golf\t\t\t<\/h4>\n\t<\/div>\n\t\t<\/div>\n\t\t\t\t<\/div>\n\t\t\t\t<div class=\"elementor-element elementor-element-55f14e8 elementor-widget elementor-widget-leroux_core_button\" data-id=\"55f14e8\" data-element_type=\"widget\" data-widget_type=\"leroux_core_button.default\">\n\t\t\t\t<div class=\"elementor-widget-container\">\n\t\t\t<a class=\"qodef-shortcode qodef-m  qodef-button qodef-layout--filled qodef-background--blur  qodef-html--link\" href=\"https:\/\/ozturkgroup.com.tr\/tr\/sektorler-turizm-golf\/\" target=\"_self\"  >\n    <span class=\"qodef-m-text\">Daha fazla<\/span>\n    <span class=\"qodef-m-arrow\"><svg class=\"qodef-svg--button-arrow\" xmlns=\"http:\/\/www.w3.org\/2000\/svg\" width=\"10\" height=\"10\" viewBox=\"0 0 9.8 9.8\"><g><path d=\"m.4 9.4 9-9\"\/><path d=\"M.4.5h8.9\"\/><path d=\"M9.3 9.4V.5\"\/><\/g><g><path d=\"m.4 9.4 9-9\"\/><path d=\"M.4.5h8.9\"\/><path d=\"M9.3 9.4V.5\"\/><\/g><\/svg><\/span>\n<\/a>\n\t\t<\/div>\n\t\t\t\t<\/div>\n\t\t\t\t\t<\/div>\n\t\t<\/div>\n\t\t\t\t<div class=\"elementor-column elementor-col-25 elementor-inner-column elementor-element elementor-element-ffb9870\" data-id=\"ffb9870\" data-element_type=\"column\" data-settings=\"{&quot;background_background&quot;:&quot;classic&quot;}\">\n\t\t\t<div class=\"elementor-widget-wrap elementor-element-populated\">\n\t\t\t\t\t<div class=\"elementor-background-overlay\"><\/div>\n\t\t\t\t\t\t<div class=\"elementor-element elementor-element-ec848e8 elementor-widget elementor-widget-leroux_core_section_title\" data-id=\"ec848e8\" data-element_type=\"widget\" data-widget_type=\"leroux_core_section_title.default\">\n\t\t\t\t<div class=\"elementor-widget-container\">\n\t\t\t<div class=\"qodef-shortcode qodef-m  qodef-section-title qodef-alignment--left \">\n\t\t<h4 class=\"qodef-m-title\" style=\"color: #FFFFFF\">\n\t\t\t\t\t\u0130n\u015faat &amp; Gayrimenkul\t\t\t<\/h4>\n\t<\/div>\n\t\t<\/div>\n\t\t\t\t<\/div>\n\t\t\t\t<div class=\"elementor-element elementor-element-ab11477 elementor-widget elementor-widget-leroux_core_button\" data-id=\"ab11477\" data-element_type=\"widget\" data-widget_type=\"leroux_core_button.default\">\n\t\t\t\t<div class=\"elementor-widget-container\">\n\t\t\t<a class=\"qodef-shortcode qodef-m  qodef-button qodef-layout--filled qodef-background--blur  qodef-html--link\" href=\"https:\/\/ozturkgroup.com.tr\/tr\/sektorler-insaat-gayrimenkul\/\" target=\"_self\"  >\n    <span class=\"qodef-m-text\">Daha fazla<\/span>\n    <span class=\"qodef-m-arrow\"><svg class=\"qodef-svg--button-arrow\" xmlns=\"http:\/\/www.w3.org\/2000\/svg\" width=\"10\" height=\"10\" viewBox=\"0 0 9.8 9.8\"><g><path d=\"m.4 9.4 9-9\"\/><path d=\"M.4.5h8.9\"\/><path d=\"M9.3 9.4V.5\"\/><\/g><g><path d=\"m.4 9.4 9-9\"\/><path d=\"M.4.5h8.9\"\/><path d=\"M9.3 9.4V.5\"\/><\/g><\/svg><\/span>\n<\/a>\n\t\t<\/div>\n\t\t\t\t<\/div>\n\t\t\t\t\t<\/div>\n\t\t<\/div>\n\t\t\t\t<div class=\"elementor-column elementor-col-25 elementor-inner-column elementor-element elementor-element-262890c\" data-id=\"262890c\" data-element_type=\"column\" data-settings=\"{&quot;background_background&quot;:&quot;classic&quot;}\">\n\t\t\t<div class=\"elementor-widget-wrap elementor-element-populated\">\n\t\t\t\t\t<div class=\"elementor-background-overlay\"><\/div>\n\t\t\t\t\t\t<div class=\"elementor-element elementor-element-1c14372 elementor-widget elementor-widget-leroux_core_section_title\" data-id=\"1c14372\" data-element_type=\"widget\" data-widget_type=\"leroux_core_section_title.default\">\n\t\t\t\t<div class=\"elementor-widget-container\">\n\t\t\t<div class=\"qodef-shortcode qodef-m  qodef-section-title qodef-alignment--left \">\n\t\t<h4 class=\"qodef-m-title\" style=\"color: #FFFFFF\">\n\t\t\t\t\tLojistik\t\t\t<\/h4>\n\t<\/div>\n\t\t<\/div>\n\t\t\t\t<\/div>\n\t\t\t\t<div class=\"elementor-element elementor-element-56449ed elementor-widget elementor-widget-leroux_core_button\" data-id=\"56449ed\" data-element_type=\"widget\" data-widget_type=\"leroux_core_button.default\">\n\t\t\t\t<div class=\"elementor-widget-container\">\n\t\t\t<a class=\"qodef-shortcode qodef-m  qodef-button qodef-layout--filled qodef-background--blur  qodef-html--link\" href=\"https:\/\/ozturkgroup.com.tr\/tr\/sektorler-lojistik\/\" target=\"_self\"  >\n    <span class=\"qodef-m-text\">Daha fazla<\/span>\n    <span class=\"qodef-m-arrow\"><svg class=\"qodef-svg--button-arrow\" xmlns=\"http:\/\/www.w3.org\/2000\/svg\" width=\"10\" height=\"10\" viewBox=\"0 0 9.8 9.8\"><g><path d=\"m.4 9.4 9-9\"\/><path d=\"M.4.5h8.9\"\/><path d=\"M9.3 9.4V.5\"\/><\/g><g><path d=\"m.4 9.4 9-9\"\/><path d=\"M.4.5h8.9\"\/><path d=\"M9.3 9.4V.5\"\/><\/g><\/svg><\/span>\n<\/a>\n\t\t<\/div>\n\t\t\t\t<\/div>\n\t\t\t\t\t<\/div>\n\t\t<\/div>\n\t\t\t\t\t<\/div>\n\t\t<\/section>\n\t\t\t\t\t<\/div>\n\t\t<\/div>\n\t\t\t\t\t<\/div>\n\t\t<\/section>\n\t\t\t\t<\/div>\n\t\t","protected":false},"excerpt":{"rendered":"<p>G\u00fcvenok Lojistik Genel Merkez \u00c7aml\u0131ca K\u0131s\u0131kl\u0131 Mah. Alemda\u011f Cad. No:60 Masaldan i\u015f Merkezi D Blok Zemin Kat \u00dcsk\u00fcdar \/ \u0130stanbul Telefon +90 (216) 522 90 46 Fax +90 (216) 522 90 46 Web Adresi guvenok.com.tr G\u00fcvenok A.\u015e. 1998 y\u0131l\u0131nda kuruldu. G\u00f6revi, akaryak\u0131t sekt\u00f6r\u00fcnde y\u00fcksek verimli bir ta\u015f\u0131ma hizmeti sunmakt\u0131. Bu g\u00f6revi ba\u015far\u0131yla yerine getirdi ve [&hellip;]<\/p>\n","protected":false},"author":1,"featured_media":13236,"parent":0,"menu_order":0,"comment_status":"closed","ping_status":"closed","template":"page-full-width.php","meta":{"footnotes":""},"class_list":["post-13045","page","type-page","status-publish","has-post-thumbnail","hentry"],"_links":{"self":[{"href":"https:\/\/ozturkgroup.com.tr\/tr\/wp-json\/wp\/v2\/pages\/13045","targetHints":{"allow":["GET"]}}],"collection":[{"href":"https:\/\/ozturkgroup.com.tr\/tr\/wp-json\/wp\/v2\/pages"}],"about":[{"href":"https:\/\/ozturkgroup.com.tr\/tr\/wp-json\/wp\/v2\/types\/page"}],"author":[{"embeddable":true,"href":"https:\/\/ozturkgroup.com.tr\/tr\/wp-json\/wp\/v2\/users\/1"}],"replies":[{"embeddable":true,"href":"https:\/\/ozturkgroup.com.tr\/tr\/wp-json\/wp\/v2\/comments?post=13045"}],"version-history":[{"count":0,"href":"https:\/\/ozturkgroup.com.tr\/tr\/wp-json\/wp\/v2\/pages\/13045\/revisions"}],"wp:featuredmedia":[{"embeddable":true,"href":"https:\/\/ozturkgroup.com.tr\/tr\/wp-json\/wp\/v2\/media\/13236"}],"wp:attachment":[{"href":"https:\/\/ozturkgroup.com.tr\/tr\/wp-json\/wp\/v2\/media?parent=13045"}],"curies":[{"name":"wp","href":"https:\/\/api.w.org\/{rel}","templated":true}]}}