{"id":12846,"date":"2024-06-28T19:55:23","date_gmt":"2024-06-28T19:55:23","guid":{"rendered":"https:\/\/ozturkgroup.com.tr\/regnum-golf-country-club-ankara\/"},"modified":"2024-07-23T23:24:35","modified_gmt":"2024-07-23T23:24:35","slug":"regnum-golf-country-club-ankara","status":"publish","type":"page","link":"https:\/\/ozturkgroup.com.tr\/tr\/regnum-golf-country-club-ankara\/","title":{"rendered":"Regnum Golf &#038; Country Club Ankara"},"content":{"rendered":"\t\t<div data-elementor-type=\"wp-page\" data-elementor-id=\"12846\" class=\"elementor elementor-12846 elementor-11910\">\n\t\t\t\t<div class=\"elementor-element elementor-element-464f18a e-con-full e-flex e-con e-parent\" data-id=\"464f18a\" data-element_type=\"container\" data-settings=\"{&quot;background_background&quot;:&quot;classic&quot;}\">\n\t\t<div class=\"elementor-element elementor-element-9e8b894 e-con-full e-flex e-con e-child\" data-id=\"9e8b894\" data-element_type=\"container\">\n\t\t\t\t<div class=\"elementor-element elementor-element-68951f6 elementor-widget elementor-widget-leroux_core_section_title\" data-id=\"68951f6\" data-element_type=\"widget\" data-widget_type=\"leroux_core_section_title.default\">\n\t\t\t\t<div class=\"elementor-widget-container\">\n\t\t\t<div class=\"qodef-shortcode qodef-m  qodef-section-title qodef-alignment--left \">\n\t\t<h1 class=\"qodef-m-title\" style=\"color: #FFFFFF\">\n\t\t\t\t\tRegnum Golf &amp; Country Club Ankara\t\t\t<\/h1>\n\t<\/div>\n\t\t<\/div>\n\t\t\t\t<\/div>\n\t\t\t\t<\/div>\n\t\t\t\t<\/div>\n\t\t\t\t<section class=\"elementor-section elementor-top-section elementor-element elementor-element-cefea67 elementor-section-full_width elementor-section-content-middle elementor-section-height-default elementor-section-height-default\" data-id=\"cefea67\" data-element_type=\"section\" data-settings=\"{&quot;background_background&quot;:&quot;classic&quot;}\">\n\t\t\t\t\t\t<div class=\"elementor-container elementor-column-gap-no\">\n\t\t\t\t\t<div class=\"elementor-column elementor-col-20 elementor-top-column elementor-element elementor-element-6845083\" data-id=\"6845083\" data-element_type=\"column\">\n\t\t\t<div class=\"elementor-widget-wrap elementor-element-populated\">\n\t\t\t\t\t\t<div class=\"elementor-element elementor-element-69e3f48 elementor-widget elementor-widget-image\" data-id=\"69e3f48\" data-element_type=\"widget\" data-widget_type=\"image.default\">\n\t\t\t\t<div class=\"elementor-widget-container\">\n\t\t\t\t\t\t\t\t\t\t\t\t\t<img fetchpriority=\"high\" decoding=\"async\" width=\"575\" height=\"420\" src=\"https:\/\/ozturkgroup.com.tr\/wp-content\/uploads\/2024\/06\/Group-Logolari_28.06.24-11.png\" class=\"attachment-large size-large wp-image-12671\" alt=\"\" srcset=\"https:\/\/ozturkgroup.com.tr\/wp-content\/uploads\/2024\/06\/Group-Logolari_28.06.24-11.png 575w, https:\/\/ozturkgroup.com.tr\/wp-content\/uploads\/2024\/06\/Group-Logolari_28.06.24-11-300x219.png 300w\" sizes=\"(max-width: 575px) 100vw, 575px\" \/>\t\t\t\t\t\t\t\t\t\t\t\t\t<\/div>\n\t\t\t\t<\/div>\n\t\t\t\t\t<\/div>\n\t\t<\/div>\n\t\t\t\t<div class=\"elementor-column elementor-col-20 elementor-top-column elementor-element elementor-element-d3f2953\" data-id=\"d3f2953\" data-element_type=\"column\">\n\t\t\t<div class=\"elementor-widget-wrap elementor-element-populated\">\n\t\t\t\t\t\t<div class=\"elementor-element elementor-element-9990762 elementor-widget elementor-widget-leroux_core_section_title\" data-id=\"9990762\" data-element_type=\"widget\" data-widget_type=\"leroux_core_section_title.default\">\n\t\t\t\t<div class=\"elementor-widget-container\">\n\t\t\t<div class=\"qodef-shortcode qodef-m  qodef-section-title qodef-alignment--left \">\n\t\t<h4 class=\"qodef-m-title\" >\n\t\t\t\t\tGenel Merkez\t\t\t<\/h4>\n\t\t<p class=\"qodef-m-text\" >Hala\u00e7l\u0131 Mah. 190\/1 G\u00f6lba\u015f\u0131 \u2013 Ankara \/ Turkey<\/p>\n<\/div>\n\t\t<\/div>\n\t\t\t\t<\/div>\n\t\t\t\t\t<\/div>\n\t\t<\/div>\n\t\t\t\t<div class=\"elementor-column elementor-col-20 elementor-top-column elementor-element elementor-element-0efd315\" data-id=\"0efd315\" data-element_type=\"column\">\n\t\t\t<div class=\"elementor-widget-wrap elementor-element-populated\">\n\t\t\t\t\t\t<div class=\"elementor-element elementor-element-88d24e6 elementor-widget elementor-widget-leroux_core_section_title\" data-id=\"88d24e6\" data-element_type=\"widget\" data-widget_type=\"leroux_core_section_title.default\">\n\t\t\t\t<div class=\"elementor-widget-container\">\n\t\t\t<div class=\"qodef-shortcode qodef-m  qodef-section-title qodef-alignment--left \">\n\t\t<h4 class=\"qodef-m-title\" >\n\t\t\t\t\tTelefon\t\t\t<\/h4>\n\t\t<p class=\"qodef-m-text\" >+90 530 011 90 31<\/p>\n<\/div>\n\t\t<\/div>\n\t\t\t\t<\/div>\n\t\t\t\t\t<\/div>\n\t\t<\/div>\n\t\t\t\t<div class=\"elementor-column elementor-col-20 elementor-top-column elementor-element elementor-element-8d77d33\" data-id=\"8d77d33\" data-element_type=\"column\">\n\t\t\t<div class=\"elementor-widget-wrap elementor-element-populated\">\n\t\t\t\t\t\t<div class=\"elementor-element elementor-element-45d3a4d elementor-widget elementor-widget-leroux_core_section_title\" data-id=\"45d3a4d\" data-element_type=\"widget\" data-widget_type=\"leroux_core_section_title.default\">\n\t\t\t\t<div class=\"elementor-widget-container\">\n\t\t\t<div class=\"qodef-shortcode qodef-m  qodef-section-title qodef-alignment--left \">\n\t\t<h4 class=\"qodef-m-title\" >\n\t\t\t\t\tFax\t\t\t<\/h4>\n\t\t<p class=\"qodef-m-text\" >-<\/p>\n<\/div>\n\t\t<\/div>\n\t\t\t\t<\/div>\n\t\t\t\t\t<\/div>\n\t\t<\/div>\n\t\t\t\t<div class=\"elementor-column elementor-col-20 elementor-top-column elementor-element elementor-element-ff63fbb\" data-id=\"ff63fbb\" data-element_type=\"column\">\n\t\t\t<div class=\"elementor-widget-wrap elementor-element-populated\">\n\t\t\t\t\t\t<div class=\"elementor-element elementor-element-2300f6d elementor-widget elementor-widget-leroux_core_section_title\" data-id=\"2300f6d\" data-element_type=\"widget\" data-widget_type=\"leroux_core_section_title.default\">\n\t\t\t\t<div class=\"elementor-widget-container\">\n\t\t\t<div class=\"qodef-shortcode qodef-m  qodef-section-title qodef-alignment--left \">\n\t\t<h4 class=\"qodef-m-title\" >\n\t\t\t\t\tWeb Adresi\t\t\t<\/h4>\n\t<\/div>\n\t\t<\/div>\n\t\t\t\t<\/div>\n\t\t\t\t<div class=\"elementor-element elementor-element-1dbcc58 elementor-widget elementor-widget-text-editor\" data-id=\"1dbcc58\" data-element_type=\"widget\" data-widget_type=\"text-editor.default\">\n\t\t\t\t<div class=\"elementor-widget-container\">\n\t\t\t\t\t\t\t<p><a href=\"https:\/\/ankara.regnumgolfcountry.com.tr\/\">ankara.regnumgolfcountry.com.tr<\/a><\/p>\t\t\t\t\t\t<\/div>\n\t\t\t\t<\/div>\n\t\t\t\t\t<\/div>\n\t\t<\/div>\n\t\t\t\t\t<\/div>\n\t\t<\/section>\n\t\t<div class=\"elementor-element elementor-element-8877515 e-con-full elementor-hidden-desktop elementor-hidden-tablet elementor-hidden-mobile e-flex e-con e-parent\" data-id=\"8877515\" data-element_type=\"container\">\n\t\t<div class=\"elementor-element elementor-element-6f43a07 e-con-full e-flex e-con e-child\" data-id=\"6f43a07\" data-element_type=\"container\">\n\t\t<div class=\"elementor-element elementor-element-f9a43a3 e-con-full e-flex e-con e-child\" data-id=\"f9a43a3\" data-element_type=\"container\">\n\t\t<div class=\"elementor-element elementor-element-d2f6148 e-con-full e-flex e-con e-child\" data-id=\"d2f6148\" data-element_type=\"container\">\n\t\t\t\t<div class=\"elementor-element elementor-element-6f174e8 elementor-widget elementor-widget-text-editor\" data-id=\"6f174e8\" data-element_type=\"widget\" data-widget_type=\"text-editor.default\">\n\t\t\t\t<div class=\"elementor-widget-container\">\n\t\t\t\t\t\t\t<p><strong>Regnum Ankara Golf &amp; Country golf sahas\u0131, T\u00fcrkiye\u2019nin ba\u015fkenti Ankara\u2019da bulunmaktad\u0131r. Saha, \u015fehir merkezine sadece 30 km uzakl\u0131kta olup, 70 metreden fazla bir y\u00fckseklik de\u011fi\u015fimine sahiptir.<\/strong><\/p>\t\t\t\t\t\t<\/div>\n\t\t\t\t<\/div>\n\t\t\t\t<div class=\"elementor-element elementor-element-4c2a67e elementor-widget elementor-widget-text-editor\" data-id=\"4c2a67e\" data-element_type=\"widget\" data-widget_type=\"text-editor.default\">\n\t\t\t\t<div class=\"elementor-widget-container\">\n\t\t\t\t\t\t\t<p>Regnum Golf &amp; Country Ankara golf sahas\u0131, 650.000 m2\u2019lik bir alanda, 400.000 m2\u2019lik ye\u015fil alanla tasarlanm\u0131\u015f bir par 72, 18 delikli bir sahad\u0131r. Geni\u015f ve dar fairways\u2019lere, dalgal\u0131 alanlara, 7 g\u00f6le ve 40 bunker\u2019a sahiptir.<\/p><p>310 metrekarelik antrenman alan\u0131, uzun putt becerilerinizi geli\u015ftirmenize olanak tan\u0131rken, 2 putting green ve 1 chipping green k\u0131sa puttlar\u0131n\u0131z\u0131 ve bunker vuru\u015flar\u0131n\u0131z\u0131 prati\u011fe koyma imkan\u0131 sunar.<\/p><p>Golf sahas\u0131, \u00fcnl\u00fc \u0130ngiliz golf mimar\u0131 Tim Lobb ve geli\u015ftirici Fikret \u00d6zt\u00fcrk taraf\u0131ndan tasarland\u0131. Proje, Carya Golf &amp; Club ve yine Regnum\u2019a ait olan Regnum Golf Country &amp; Club Bodrum\u2019un in\u015fas\u0131ndan sonra ger\u00e7ekle\u015fen \u00fc\u00e7\u00fcnc\u00fc ortak giri\u015fimdir.<\/p>\t\t\t\t\t\t<\/div>\n\t\t\t\t<\/div>\n\t\t\t\t<\/div>\n\t\t\t\t<\/div>\n\t\t\t\t<\/div>\n\t\t\t\t<\/div>\n\t\t<div class=\"elementor-element elementor-element-a9774d5 e-con-full e-flex e-con e-parent\" data-id=\"a9774d5\" data-element_type=\"container\">\n\t\t<div class=\"elementor-element elementor-element-44b9499 e-con-full e-flex e-con e-child\" data-id=\"44b9499\" data-element_type=\"container\">\n\t\t\t\t<div class=\"elementor-element elementor-element-7207a93 elementor-widget elementor-widget-leroux_core_advanced_image_slider\" data-id=\"7207a93\" data-element_type=\"widget\" data-widget_type=\"leroux_core_advanced_image_slider.default\">\n\t\t\t\t<div class=\"elementor-widget-container\">\n\t\t\t<div class=\"qodef-shortcode qodef-m  qodef-advanced-image-slider qodef-swiper-container \" data-options=\"{&quot;loop&quot;:true,&quot;autoplay&quot;:true,&quot;speed&quot;:&quot;&quot;,&quot;speedAnimation&quot;:&quot;&quot;,&quot;centeredSlides&quot;:true,&quot;slidesPerView&quot;:1.7279999999999999804600747665972448885440826416015625}\">\n\t<div class=\"swiper-wrapper\">\n\t\t<div class=\"qodef-e qodef-ais-image-wrapper swiper-slide\">\n\t<div class=\"qodef-ais-image-wrapper-inner\">\n\t\t\t\t\t\t<img decoding=\"async\" width=\"1920\" height=\"1080\" src=\"https:\/\/ozturkgroup.com.tr\/wp-content\/uploads\/2024\/06\/ankaragolf-02.jpg\" class=\"attachment-full size-full\" alt=\"\" srcset=\"https:\/\/ozturkgroup.com.tr\/wp-content\/uploads\/2024\/06\/ankaragolf-02.jpg 1920w, https:\/\/ozturkgroup.com.tr\/wp-content\/uploads\/2024\/06\/ankaragolf-02-300x169.jpg 300w, https:\/\/ozturkgroup.com.tr\/wp-content\/uploads\/2024\/06\/ankaragolf-02-1024x576.jpg 1024w, https:\/\/ozturkgroup.com.tr\/wp-content\/uploads\/2024\/06\/ankaragolf-02-768x432.jpg 768w, https:\/\/ozturkgroup.com.tr\/wp-content\/uploads\/2024\/06\/ankaragolf-02-1536x864.jpg 1536w, https:\/\/ozturkgroup.com.tr\/wp-content\/uploads\/2024\/06\/ankaragolf-02-600x338.jpg 600w\" sizes=\"(max-width: 1920px) 100vw, 1920px\" \/>\t\t\t\t\t<\/div>\n<\/div>\n<div class=\"qodef-e qodef-ais-image-wrapper swiper-slide\">\n\t<div class=\"qodef-ais-image-wrapper-inner\">\n\t\t\t\t\t\t<img decoding=\"async\" width=\"1920\" height=\"1080\" src=\"https:\/\/ozturkgroup.com.tr\/wp-content\/uploads\/2024\/06\/ankaragolf-04.jpg\" class=\"attachment-full size-full\" alt=\"\" srcset=\"https:\/\/ozturkgroup.com.tr\/wp-content\/uploads\/2024\/06\/ankaragolf-04.jpg 1920w, https:\/\/ozturkgroup.com.tr\/wp-content\/uploads\/2024\/06\/ankaragolf-04-300x169.jpg 300w, https:\/\/ozturkgroup.com.tr\/wp-content\/uploads\/2024\/06\/ankaragolf-04-1024x576.jpg 1024w, https:\/\/ozturkgroup.com.tr\/wp-content\/uploads\/2024\/06\/ankaragolf-04-768x432.jpg 768w, https:\/\/ozturkgroup.com.tr\/wp-content\/uploads\/2024\/06\/ankaragolf-04-1536x864.jpg 1536w, https:\/\/ozturkgroup.com.tr\/wp-content\/uploads\/2024\/06\/ankaragolf-04-600x338.jpg 600w\" sizes=\"(max-width: 1920px) 100vw, 1920px\" \/>\t\t\t\t\t<\/div>\n<\/div>\n<div class=\"qodef-e qodef-ais-image-wrapper swiper-slide\">\n\t<div class=\"qodef-ais-image-wrapper-inner\">\n\t\t\t\t\t\t<img loading=\"lazy\" decoding=\"async\" width=\"1920\" height=\"1080\" src=\"https:\/\/ozturkgroup.com.tr\/wp-content\/uploads\/2024\/06\/ankaragolf-05.jpg\" class=\"attachment-full size-full\" alt=\"\" srcset=\"https:\/\/ozturkgroup.com.tr\/wp-content\/uploads\/2024\/06\/ankaragolf-05.jpg 1920w, https:\/\/ozturkgroup.com.tr\/wp-content\/uploads\/2024\/06\/ankaragolf-05-300x169.jpg 300w, https:\/\/ozturkgroup.com.tr\/wp-content\/uploads\/2024\/06\/ankaragolf-05-1024x576.jpg 1024w, https:\/\/ozturkgroup.com.tr\/wp-content\/uploads\/2024\/06\/ankaragolf-05-768x432.jpg 768w, https:\/\/ozturkgroup.com.tr\/wp-content\/uploads\/2024\/06\/ankaragolf-05-1536x864.jpg 1536w, https:\/\/ozturkgroup.com.tr\/wp-content\/uploads\/2024\/06\/ankaragolf-05-600x338.jpg 600w\" sizes=\"(max-width: 1920px) 100vw, 1920px\" \/>\t\t\t\t\t<\/div>\n<\/div>\n<div class=\"qodef-e qodef-ais-image-wrapper swiper-slide\">\n\t<div class=\"qodef-ais-image-wrapper-inner\">\n\t\t\t\t\t\t<img loading=\"lazy\" decoding=\"async\" width=\"1920\" height=\"1080\" src=\"https:\/\/ozturkgroup.com.tr\/wp-content\/uploads\/2024\/06\/ankaragolf-06.jpg\" class=\"attachment-full size-full\" alt=\"\" srcset=\"https:\/\/ozturkgroup.com.tr\/wp-content\/uploads\/2024\/06\/ankaragolf-06.jpg 1920w, https:\/\/ozturkgroup.com.tr\/wp-content\/uploads\/2024\/06\/ankaragolf-06-300x169.jpg 300w, https:\/\/ozturkgroup.com.tr\/wp-content\/uploads\/2024\/06\/ankaragolf-06-1024x576.jpg 1024w, https:\/\/ozturkgroup.com.tr\/wp-content\/uploads\/2024\/06\/ankaragolf-06-768x432.jpg 768w, https:\/\/ozturkgroup.com.tr\/wp-content\/uploads\/2024\/06\/ankaragolf-06-1536x864.jpg 1536w, https:\/\/ozturkgroup.com.tr\/wp-content\/uploads\/2024\/06\/ankaragolf-06-600x338.jpg 600w\" sizes=\"(max-width: 1920px) 100vw, 1920px\" \/>\t\t\t\t\t<\/div>\n<\/div>\n\t<\/div>\n\t\t<div class=\"swiper-button-prev \"><svg class=\"qodef-svg--slider-arrow-left\" xmlns=\"http:\/\/www.w3.org\/2000\/svg\" width=\"32.113\" height=\"32.113\" viewBox=\"0 0 32.113 32.113\"><g><path d=\"M31.613 16.056H.50030163\"\/><path d=\"M16.18463714.81997019.8524408 16.15216652\"\/><path d=\"M16.18463714 31.48436286.8524408 16.15216652\"\/><\/g><g><path d=\"M31.613 16.056H.50030163\"\/><path d=\"M16.18463714.81997019.8524408 16.15216652\"\/><path d=\"M16.18463714 31.48436286.8524408 16.15216652\"\/><\/g><\/svg><\/div>\n\t<div class=\"swiper-button-next \"><svg class=\"qodef-svg--slider-arrow-right\" xmlns=\"http:\/\/www.w3.org\/2000\/svg\" width=\"32.113\" height=\"32.113\" viewBox=\"0 0 32.113 32.113\"><g><path d=\"M.49965081 16.05634919H31.6123492\"\/><path d=\"m15.92872078.82102648 15.33219634 15.33219634\"\/><path d=\"m15.92801367 31.48471204 15.33219634-15.33219633\"\/><\/g><g><path d=\"M.49965081 16.05634919H31.6123492\"\/><path d=\"m15.92872078.82102648 15.33219634 15.33219634\"\/><path d=\"m15.92801367 31.48471204 15.33219634-15.33219633\"\/><\/g><\/svg><\/div>\n\t<\/div>\n\t\t<\/div>\n\t\t\t\t<\/div>\n\t\t\t\t<\/div>\n\t\t\t\t<\/div>\n\t\t\t\t<section class=\"elementor-section elementor-top-section elementor-element elementor-element-83fcad7 elementor-section-full_width elementor-section-height-default elementor-section-height-default\" data-id=\"83fcad7\" data-element_type=\"section\" data-settings=\"{&quot;background_background&quot;:&quot;classic&quot;}\">\n\t\t\t\t\t\t<div class=\"elementor-container elementor-column-gap-default\">\n\t\t\t\t\t<div class=\"elementor-column elementor-col-100 elementor-top-column elementor-element elementor-element-d44c73d\" data-id=\"d44c73d\" data-element_type=\"column\">\n\t\t\t<div class=\"elementor-widget-wrap elementor-element-populated\">\n\t\t\t\t\t\t<section class=\"elementor-section elementor-inner-section elementor-element elementor-element-202440e elementor-section-height-min-height elementor-section-full_width elementor-section-height-default\" data-id=\"202440e\" data-element_type=\"section\">\n\t\t\t\t\t\t<div class=\"elementor-container elementor-column-gap-default\">\n\t\t\t\t\t<div class=\"elementor-column elementor-col-25 elementor-inner-column elementor-element elementor-element-c0c6aa6\" data-id=\"c0c6aa6\" data-element_type=\"column\" data-settings=\"{&quot;background_background&quot;:&quot;classic&quot;}\">\n\t\t\t<div class=\"elementor-widget-wrap elementor-element-populated\">\n\t\t\t\t\t<div class=\"elementor-background-overlay\"><\/div>\n\t\t\t\t\t\t<div class=\"elementor-element elementor-element-a2d8e88 elementor-widget elementor-widget-leroux_core_section_title\" data-id=\"a2d8e88\" data-element_type=\"widget\" data-widget_type=\"leroux_core_section_title.default\">\n\t\t\t\t<div class=\"elementor-widget-container\">\n\t\t\t<div class=\"qodef-shortcode qodef-m  qodef-section-title qodef-alignment--left \">\n\t\t<h4 class=\"qodef-m-title\" style=\"color: #FFFFFF\">\n\t\t\t\t\tEnerji\t\t\t<\/h4>\n\t<\/div>\n\t\t<\/div>\n\t\t\t\t<\/div>\n\t\t\t\t<div class=\"elementor-element elementor-element-cd3dcd5 elementor-widget elementor-widget-leroux_core_button\" data-id=\"cd3dcd5\" data-element_type=\"widget\" data-widget_type=\"leroux_core_button.default\">\n\t\t\t\t<div class=\"elementor-widget-container\">\n\t\t\t<a class=\"qodef-shortcode qodef-m  qodef-button qodef-layout--filled qodef-background--blur  qodef-html--link\" href=\"https:\/\/ozturkgroup.com.tr\/tr\/sektorler-enerji\/\" target=\"_self\"  >\n    <span class=\"qodef-m-text\">Daha fazla<\/span>\n    <span class=\"qodef-m-arrow\"><svg class=\"qodef-svg--button-arrow\" xmlns=\"http:\/\/www.w3.org\/2000\/svg\" width=\"10\" height=\"10\" viewBox=\"0 0 9.8 9.8\"><g><path d=\"m.4 9.4 9-9\"\/><path d=\"M.4.5h8.9\"\/><path d=\"M9.3 9.4V.5\"\/><\/g><g><path d=\"m.4 9.4 9-9\"\/><path d=\"M.4.5h8.9\"\/><path d=\"M9.3 9.4V.5\"\/><\/g><\/svg><\/span>\n<\/a>\n\t\t<\/div>\n\t\t\t\t<\/div>\n\t\t\t\t\t<\/div>\n\t\t<\/div>\n\t\t\t\t<div class=\"elementor-column elementor-col-25 elementor-inner-column elementor-element elementor-element-a289e19\" data-id=\"a289e19\" data-element_type=\"column\" data-settings=\"{&quot;background_background&quot;:&quot;classic&quot;}\">\n\t\t\t<div class=\"elementor-widget-wrap elementor-element-populated\">\n\t\t\t\t\t<div class=\"elementor-background-overlay\"><\/div>\n\t\t\t\t\t\t<div class=\"elementor-element elementor-element-a1c8e79 elementor-widget elementor-widget-leroux_core_section_title\" data-id=\"a1c8e79\" data-element_type=\"widget\" data-widget_type=\"leroux_core_section_title.default\">\n\t\t\t\t<div class=\"elementor-widget-container\">\n\t\t\t<div class=\"qodef-shortcode qodef-m  qodef-section-title qodef-alignment--left \">\n\t\t<h4 class=\"qodef-m-title\" style=\"color: #FFFFFF\">\n\t\t\t\t\tTurizm &amp; Golf\t\t\t<\/h4>\n\t<\/div>\n\t\t<\/div>\n\t\t\t\t<\/div>\n\t\t\t\t<div class=\"elementor-element elementor-element-f22837e elementor-widget elementor-widget-leroux_core_button\" data-id=\"f22837e\" data-element_type=\"widget\" data-widget_type=\"leroux_core_button.default\">\n\t\t\t\t<div class=\"elementor-widget-container\">\n\t\t\t<a class=\"qodef-shortcode qodef-m  qodef-button qodef-layout--filled qodef-background--blur  qodef-html--link\" href=\"https:\/\/ozturkgroup.com.tr\/tr\/sektorler-turizm-golf\/\" target=\"_self\"  >\n    <span class=\"qodef-m-text\">Daha fazla<\/span>\n    <span class=\"qodef-m-arrow\"><svg class=\"qodef-svg--button-arrow\" xmlns=\"http:\/\/www.w3.org\/2000\/svg\" width=\"10\" height=\"10\" viewBox=\"0 0 9.8 9.8\"><g><path d=\"m.4 9.4 9-9\"\/><path d=\"M.4.5h8.9\"\/><path d=\"M9.3 9.4V.5\"\/><\/g><g><path d=\"m.4 9.4 9-9\"\/><path d=\"M.4.5h8.9\"\/><path d=\"M9.3 9.4V.5\"\/><\/g><\/svg><\/span>\n<\/a>\n\t\t<\/div>\n\t\t\t\t<\/div>\n\t\t\t\t\t<\/div>\n\t\t<\/div>\n\t\t\t\t<div class=\"elementor-column elementor-col-25 elementor-inner-column elementor-element elementor-element-cc6f5f3\" data-id=\"cc6f5f3\" data-element_type=\"column\" data-settings=\"{&quot;background_background&quot;:&quot;classic&quot;}\">\n\t\t\t<div class=\"elementor-widget-wrap elementor-element-populated\">\n\t\t\t\t\t<div class=\"elementor-background-overlay\"><\/div>\n\t\t\t\t\t\t<div class=\"elementor-element elementor-element-f643799 elementor-widget elementor-widget-leroux_core_section_title\" data-id=\"f643799\" data-element_type=\"widget\" data-widget_type=\"leroux_core_section_title.default\">\n\t\t\t\t<div class=\"elementor-widget-container\">\n\t\t\t<div class=\"qodef-shortcode qodef-m  qodef-section-title qodef-alignment--left \">\n\t\t<h4 class=\"qodef-m-title\" style=\"color: #FFFFFF\">\n\t\t\t\t\t\u0130n\u015faat &amp; Gayrimenkul\t\t\t<\/h4>\n\t<\/div>\n\t\t<\/div>\n\t\t\t\t<\/div>\n\t\t\t\t<div class=\"elementor-element elementor-element-9a7b9d4 elementor-widget elementor-widget-leroux_core_button\" data-id=\"9a7b9d4\" data-element_type=\"widget\" data-widget_type=\"leroux_core_button.default\">\n\t\t\t\t<div class=\"elementor-widget-container\">\n\t\t\t<a class=\"qodef-shortcode qodef-m  qodef-button qodef-layout--filled qodef-background--blur  qodef-html--link\" href=\"https:\/\/ozturkgroup.com.tr\/tr\/sektorler-insaat-gayrimenkul\/\" target=\"_self\"  >\n    <span class=\"qodef-m-text\">Daha fazla<\/span>\n    <span class=\"qodef-m-arrow\"><svg class=\"qodef-svg--button-arrow\" xmlns=\"http:\/\/www.w3.org\/2000\/svg\" width=\"10\" height=\"10\" viewBox=\"0 0 9.8 9.8\"><g><path d=\"m.4 9.4 9-9\"\/><path d=\"M.4.5h8.9\"\/><path d=\"M9.3 9.4V.5\"\/><\/g><g><path d=\"m.4 9.4 9-9\"\/><path d=\"M.4.5h8.9\"\/><path d=\"M9.3 9.4V.5\"\/><\/g><\/svg><\/span>\n<\/a>\n\t\t<\/div>\n\t\t\t\t<\/div>\n\t\t\t\t\t<\/div>\n\t\t<\/div>\n\t\t\t\t<div class=\"elementor-column elementor-col-25 elementor-inner-column elementor-element elementor-element-cbaa334\" data-id=\"cbaa334\" data-element_type=\"column\" data-settings=\"{&quot;background_background&quot;:&quot;classic&quot;}\">\n\t\t\t<div class=\"elementor-widget-wrap elementor-element-populated\">\n\t\t\t\t\t<div class=\"elementor-background-overlay\"><\/div>\n\t\t\t\t\t\t<div class=\"elementor-element elementor-element-0b3f72b elementor-widget elementor-widget-leroux_core_section_title\" data-id=\"0b3f72b\" data-element_type=\"widget\" data-widget_type=\"leroux_core_section_title.default\">\n\t\t\t\t<div class=\"elementor-widget-container\">\n\t\t\t<div class=\"qodef-shortcode qodef-m  qodef-section-title qodef-alignment--left \">\n\t\t<h4 class=\"qodef-m-title\" style=\"color: #FFFFFF\">\n\t\t\t\t\tLojistik\t\t\t<\/h4>\n\t<\/div>\n\t\t<\/div>\n\t\t\t\t<\/div>\n\t\t\t\t<div class=\"elementor-element elementor-element-84fb768 elementor-widget elementor-widget-leroux_core_button\" data-id=\"84fb768\" data-element_type=\"widget\" data-widget_type=\"leroux_core_button.default\">\n\t\t\t\t<div class=\"elementor-widget-container\">\n\t\t\t<a class=\"qodef-shortcode qodef-m  qodef-button qodef-layout--filled qodef-background--blur  qodef-html--link\" href=\"https:\/\/ozturkgroup.com.tr\/tr\/sektorler-lojistik\/\" target=\"_self\"  >\n    <span class=\"qodef-m-text\">Daha fazla<\/span>\n    <span class=\"qodef-m-arrow\"><svg class=\"qodef-svg--button-arrow\" xmlns=\"http:\/\/www.w3.org\/2000\/svg\" width=\"10\" height=\"10\" viewBox=\"0 0 9.8 9.8\"><g><path d=\"m.4 9.4 9-9\"\/><path d=\"M.4.5h8.9\"\/><path d=\"M9.3 9.4V.5\"\/><\/g><g><path d=\"m.4 9.4 9-9\"\/><path d=\"M.4.5h8.9\"\/><path d=\"M9.3 9.4V.5\"\/><\/g><\/svg><\/span>\n<\/a>\n\t\t<\/div>\n\t\t\t\t<\/div>\n\t\t\t\t\t<\/div>\n\t\t<\/div>\n\t\t\t\t\t<\/div>\n\t\t<\/section>\n\t\t\t\t\t<\/div>\n\t\t<\/div>\n\t\t\t\t\t<\/div>\n\t\t<\/section>\n\t\t\t\t<\/div>\n\t\t","protected":false},"excerpt":{"rendered":"<p>Regnum Golf &amp; Country Club Ankara Genel Merkez Hala\u00e7l\u0131 Mah. 190\/1 G\u00f6lba\u015f\u0131 \u2013 Ankara \/ Turkey Telefon +90 530 011 90 31 Fax &#8211; Web Adresi ankara.regnumgolfcountry.com.tr Regnum Ankara Golf &amp; Country golf sahas\u0131, T\u00fcrkiye\u2019nin ba\u015fkenti Ankara\u2019da bulunmaktad\u0131r. Saha, \u015fehir merkezine sadece 30 km uzakl\u0131kta olup, 70 metreden fazla bir y\u00fckseklik de\u011fi\u015fimine sahiptir. Regnum Golf [&hellip;]<\/p>\n","protected":false},"author":1,"featured_media":13236,"parent":0,"menu_order":0,"comment_status":"closed","ping_status":"closed","template":"page-full-width.php","meta":{"footnotes":""},"class_list":["post-12846","page","type-page","status-publish","has-post-thumbnail","hentry"],"_links":{"self":[{"href":"https:\/\/ozturkgroup.com.tr\/tr\/wp-json\/wp\/v2\/pages\/12846","targetHints":{"allow":["GET"]}}],"collection":[{"href":"https:\/\/ozturkgroup.com.tr\/tr\/wp-json\/wp\/v2\/pages"}],"about":[{"href":"https:\/\/ozturkgroup.com.tr\/tr\/wp-json\/wp\/v2\/types\/page"}],"author":[{"embeddable":true,"href":"https:\/\/ozturkgroup.com.tr\/tr\/wp-json\/wp\/v2\/users\/1"}],"replies":[{"embeddable":true,"href":"https:\/\/ozturkgroup.com.tr\/tr\/wp-json\/wp\/v2\/comments?post=12846"}],"version-history":[{"count":0,"href":"https:\/\/ozturkgroup.com.tr\/tr\/wp-json\/wp\/v2\/pages\/12846\/revisions"}],"wp:featuredmedia":[{"embeddable":true,"href":"https:\/\/ozturkgroup.com.tr\/tr\/wp-json\/wp\/v2\/media\/13236"}],"wp:attachment":[{"href":"https:\/\/ozturkgroup.com.tr\/tr\/wp-json\/wp\/v2\/media?parent=12846"}],"curies":[{"name":"wp","href":"https:\/\/api.w.org\/{rel}","templated":true}]}}