{"id":12784,"date":"2024-06-28T19:52:54","date_gmt":"2024-06-28T19:52:54","guid":{"rendered":"https:\/\/ozturkgroup.com.tr\/turkish-opet\/"},"modified":"2024-07-23T23:20:40","modified_gmt":"2024-07-23T23:20:40","slug":"turkish-opet","status":"publish","type":"page","link":"https:\/\/ozturkgroup.com.tr\/tr\/turkish-opet\/","title":{"rendered":"Turkish Opet"},"content":{"rendered":"\t\t<div data-elementor-type=\"wp-page\" data-elementor-id=\"12784\" class=\"elementor elementor-12784 elementor-11902\">\n\t\t\t\t<div class=\"elementor-element elementor-element-464f18a e-con-full e-flex e-con e-parent\" data-id=\"464f18a\" data-element_type=\"container\" data-settings=\"{&quot;background_background&quot;:&quot;classic&quot;}\">\n\t\t<div class=\"elementor-element elementor-element-9e8b894 e-con-full e-flex e-con e-child\" data-id=\"9e8b894\" data-element_type=\"container\">\n\t\t\t\t<div class=\"elementor-element elementor-element-68951f6 elementor-widget elementor-widget-leroux_core_section_title\" data-id=\"68951f6\" data-element_type=\"widget\" data-widget_type=\"leroux_core_section_title.default\">\n\t\t\t\t<div class=\"elementor-widget-container\">\n\t\t\t<div class=\"qodef-shortcode qodef-m  qodef-section-title qodef-alignment--left \">\n\t\t<h1 class=\"qodef-m-title\" style=\"color: #FFFFFF\">\n\t\t\t\t\tTurkish Opet\t\t\t<\/h1>\n\t<\/div>\n\t\t<\/div>\n\t\t\t\t<\/div>\n\t\t\t\t<\/div>\n\t\t\t\t<\/div>\n\t\t\t\t<section class=\"elementor-section elementor-top-section elementor-element elementor-element-cefea67 elementor-section-full_width elementor-section-content-middle elementor-section-height-default elementor-section-height-default\" data-id=\"cefea67\" data-element_type=\"section\" data-settings=\"{&quot;background_background&quot;:&quot;classic&quot;}\">\n\t\t\t\t\t\t<div class=\"elementor-container elementor-column-gap-no\">\n\t\t\t\t\t<div class=\"elementor-column elementor-col-20 elementor-top-column elementor-element elementor-element-6845083\" data-id=\"6845083\" data-element_type=\"column\">\n\t\t\t<div class=\"elementor-widget-wrap elementor-element-populated\">\n\t\t\t\t\t\t<div class=\"elementor-element elementor-element-69e3f48 elementor-widget elementor-widget-image\" data-id=\"69e3f48\" data-element_type=\"widget\" data-widget_type=\"image.default\">\n\t\t\t\t<div class=\"elementor-widget-container\">\n\t\t\t\t\t\t\t\t\t\t\t\t\t<img fetchpriority=\"high\" decoding=\"async\" width=\"575\" height=\"420\" src=\"https:\/\/ozturkgroup.com.tr\/wp-content\/uploads\/2024\/06\/Group-Logolari_28.06.24-03.png\" class=\"attachment-large size-large wp-image-12663\" alt=\"\" srcset=\"https:\/\/ozturkgroup.com.tr\/wp-content\/uploads\/2024\/06\/Group-Logolari_28.06.24-03.png 575w, https:\/\/ozturkgroup.com.tr\/wp-content\/uploads\/2024\/06\/Group-Logolari_28.06.24-03-300x219.png 300w\" sizes=\"(max-width: 575px) 100vw, 575px\" \/>\t\t\t\t\t\t\t\t\t\t\t\t\t<\/div>\n\t\t\t\t<\/div>\n\t\t\t\t\t<\/div>\n\t\t<\/div>\n\t\t\t\t<div class=\"elementor-column elementor-col-20 elementor-top-column elementor-element elementor-element-d3f2953\" data-id=\"d3f2953\" data-element_type=\"column\">\n\t\t\t<div class=\"elementor-widget-wrap elementor-element-populated\">\n\t\t\t\t\t\t<div class=\"elementor-element elementor-element-9990762 elementor-widget elementor-widget-leroux_core_section_title\" data-id=\"9990762\" data-element_type=\"widget\" data-widget_type=\"leroux_core_section_title.default\">\n\t\t\t\t<div class=\"elementor-widget-container\">\n\t\t\t<div class=\"qodef-shortcode qodef-m  qodef-section-title qodef-alignment--left \">\n\t\t<h4 class=\"qodef-m-title\" >\n\t\t\t\t\tGenel Merkez\t\t\t<\/h4>\n\t\t<p class=\"qodef-m-text\" >\u0130stanbul D\u00fcnya Ticaret Merkezi A-1 Blok 411-412-413 Ye\u015filk\u00f6y \/ \u0130stanbul<\/p>\n<\/div>\n\t\t<\/div>\n\t\t\t\t<\/div>\n\t\t\t\t\t<\/div>\n\t\t<\/div>\n\t\t\t\t<div class=\"elementor-column elementor-col-20 elementor-top-column elementor-element elementor-element-0efd315\" data-id=\"0efd315\" data-element_type=\"column\">\n\t\t\t<div class=\"elementor-widget-wrap elementor-element-populated\">\n\t\t\t\t\t\t<div class=\"elementor-element elementor-element-88d24e6 elementor-widget elementor-widget-leroux_core_section_title\" data-id=\"88d24e6\" data-element_type=\"widget\" data-widget_type=\"leroux_core_section_title.default\">\n\t\t\t\t<div class=\"elementor-widget-container\">\n\t\t\t<div class=\"qodef-shortcode qodef-m  qodef-section-title qodef-alignment--left \">\n\t\t<h4 class=\"qodef-m-title\" >\n\t\t\t\t\tTelefon\t\t\t<\/h4>\n\t\t<p class=\"qodef-m-text\" >+90 (212) 468 29 00<\/p>\n<\/div>\n\t\t<\/div>\n\t\t\t\t<\/div>\n\t\t\t\t\t<\/div>\n\t\t<\/div>\n\t\t\t\t<div class=\"elementor-column elementor-col-20 elementor-top-column elementor-element elementor-element-8d77d33\" data-id=\"8d77d33\" data-element_type=\"column\">\n\t\t\t<div class=\"elementor-widget-wrap elementor-element-populated\">\n\t\t\t\t\t\t<div class=\"elementor-element elementor-element-45d3a4d elementor-widget elementor-widget-leroux_core_section_title\" data-id=\"45d3a4d\" data-element_type=\"widget\" data-widget_type=\"leroux_core_section_title.default\">\n\t\t\t\t<div class=\"elementor-widget-container\">\n\t\t\t<div class=\"qodef-shortcode qodef-m  qodef-section-title qodef-alignment--left \">\n\t\t<h4 class=\"qodef-m-title\" >\n\t\t\t\t\tFax\t\t\t<\/h4>\n\t\t<p class=\"qodef-m-text\" >+90 (212) 465 03 54<\/p>\n<\/div>\n\t\t<\/div>\n\t\t\t\t<\/div>\n\t\t\t\t\t<\/div>\n\t\t<\/div>\n\t\t\t\t<div class=\"elementor-column elementor-col-20 elementor-top-column elementor-element elementor-element-ff63fbb\" data-id=\"ff63fbb\" data-element_type=\"column\">\n\t\t\t<div class=\"elementor-widget-wrap elementor-element-populated\">\n\t\t\t\t\t\t<div class=\"elementor-element elementor-element-2300f6d elementor-widget elementor-widget-leroux_core_section_title\" data-id=\"2300f6d\" data-element_type=\"widget\" data-widget_type=\"leroux_core_section_title.default\">\n\t\t\t\t<div class=\"elementor-widget-container\">\n\t\t\t<div class=\"qodef-shortcode qodef-m  qodef-section-title qodef-alignment--left \">\n\t\t<h4 class=\"qodef-m-title\" >\n\t\t\t\t\tWeb Adresi\t\t\t<\/h4>\n\t<\/div>\n\t\t<\/div>\n\t\t\t\t<\/div>\n\t\t\t\t<div class=\"elementor-element elementor-element-1dbcc58 elementor-widget elementor-widget-text-editor\" data-id=\"1dbcc58\" data-element_type=\"widget\" data-widget_type=\"text-editor.default\">\n\t\t\t\t<div class=\"elementor-widget-container\">\n\t\t\t\t\t\t\t<p><a href=\"https:\/\/www.thyopet.com\/ana-sayfa\">thyopet.com<\/a><\/p>\t\t\t\t\t\t<\/div>\n\t\t\t\t<\/div>\n\t\t\t\t\t<\/div>\n\t\t<\/div>\n\t\t\t\t\t<\/div>\n\t\t<\/section>\n\t\t<div class=\"elementor-element elementor-element-8877515 e-con-full elementor-hidden-desktop elementor-hidden-tablet elementor-hidden-mobile e-flex e-con e-parent\" data-id=\"8877515\" data-element_type=\"container\">\n\t\t<div class=\"elementor-element elementor-element-6f43a07 e-con-full e-flex e-con e-child\" data-id=\"6f43a07\" data-element_type=\"container\">\n\t\t<div class=\"elementor-element elementor-element-f9a43a3 e-con-full e-flex e-con e-child\" data-id=\"f9a43a3\" data-element_type=\"container\">\n\t\t<div class=\"elementor-element elementor-element-d2f6148 e-con-full e-flex e-con e-child\" data-id=\"d2f6148\" data-element_type=\"container\">\n\t\t\t\t<div class=\"elementor-element elementor-element-6f174e8 elementor-widget elementor-widget-text-editor\" data-id=\"6f174e8\" data-element_type=\"widget\" data-widget_type=\"text-editor.default\">\n\t\t\t\t<div class=\"elementor-widget-container\">\n\t\t\t\t\t\t\t<p><strong>T\u00fcrk Hava Yollar\u0131 A.O. ve OPET Petrolc\u00fcl\u00fck A.\u015e., \u015firketin %50 hissesine sahip olan THY OPET Havac\u0131l\u0131k Yak\u0131tlar\u0131 A.\u015e.\u2019de ortakt\u0131r. 8 Eyl\u00fcl 2009 tarihinde 75 milyon dolarl\u0131k bir yat\u0131r\u0131m b\u00fct\u00e7esi ile kurulan \u015firket, yak\u0131t depolama ve u\u00e7ak yak\u0131t ikmali alan\u0131nda faaliyete ba\u015flam\u0131\u015ft\u0131r.<\/strong><\/p>\t\t\t\t\t\t<\/div>\n\t\t\t\t<\/div>\n\t\t\t\t<div class=\"elementor-element elementor-element-4c2a67e elementor-widget elementor-widget-text-editor\" data-id=\"4c2a67e\" data-element_type=\"widget\" data-widget_type=\"text-editor.default\">\n\t\t\t\t<div class=\"elementor-widget-container\">\n\t\t\t\t\t\t\t<p>1 Temmuz 2010 tarihine kadar g\u00fc\u00e7l\u00fc teknik altyap\u0131s\u0131 ve \u00f6zel olarak donat\u0131lm\u0131\u015f son teknoloji yak\u0131t ikmali ara\u00e7lar\u0131 ile hizmet ve u\u00e7ak i\u00e7i hizmetler sa\u011flamaktayd\u0131. Y\u0131l sonuna gelindi\u011finde T\u00fcrkiye genelindeki t\u00fcm havaalanlar\u0131 kapsanm\u0131\u015f; inan\u0131lmaz ve son derece ba\u015far\u0131l\u0131 bir ba\u015far\u0131 elde edilmi\u015ftir.<\/p><p>Avrupa\u2019n\u0131n \u00f6nde gelen havayolu \u015firketlerinden biri haline gelen T\u00fcrk Hava Yollar\u0131\u2019n\u0131n havac\u0131l\u0131k uzmanl\u0131\u011f\u0131n\u0131, yak\u0131t sekt\u00f6r\u00fcndeki uzun s\u00fcredir var olan OPET\u2019in deneyimi ile birle\u015ftiren THY OPET ortakl\u0131\u011f\u0131, hem i\u00e7erde hem de d\u0131\u015farda \u00f6nc\u00fcl\u00fck etmeyi s\u00fcrekli olarak ama\u00e7lam\u0131\u015ft\u0131r.<\/p><p>\u015eirket, 1 Temmuz 2010\u2019da g\u00fc\u00e7l\u00fc teknik altyap\u0131s\u0131na ve \u00f6zel olarak donat\u0131lm\u0131\u015f son teknoloji yak\u0131t ikmali ara\u00e7lar\u0131na g\u00fcvenerek jet yak\u0131t\u0131 tedarikine ba\u015flam\u0131\u015ft\u0131r. Bu sayede 2010 y\u0131l\u0131n\u0131n sonuna kadar T\u00fcrkiye genelindeki t\u00fcm havaalanlar\u0131nda tedarik ve u\u00e7ak i\u00e7i hizmetler sunabilme kapasitesine ula\u015fm\u0131\u015ft\u0131r. 2014 y\u0131l\u0131nda THY OPET, THY dahil olmak \u00fczere ulusal ve uluslararas\u0131 havayollar\u0131n\u0131n yak\u0131t ihtiya\u00e7lar\u0131n\u0131 kar\u015f\u0131lamay\u0131 hedeflemektedir.<\/p><p>T\u00fcpra\u015f, Opet Akaryak\u0131t Depolama Tesisleri stratejik olarak \u00fclke genelinde yer almaktad\u0131r: Marmara \u2013 Ere\u011flisi, K\u00f6rfez ve Giresun kuzeyde, Antalya\u2019dan Mersin\u2019e kadar g\u00fcneyde uzanmaktad\u0131r. Depolama tesisi yat\u0131r\u0131m program\u0131n\u0131 tamamlayan THY OPET, end\u00fcstride lider bir konuma ula\u015fm\u0131\u015ft\u0131r.<\/p><p>THY OPET Havac\u0131l\u0131k Yak\u0131tlar\u0131, \u0130stanbul Ticaret Odas\u0131\u2019na 710172 numaras\u0131 ile kay\u0131tl\u0131d\u0131r.<\/p>\t\t\t\t\t\t<\/div>\n\t\t\t\t<\/div>\n\t\t\t\t<\/div>\n\t\t\t\t<\/div>\n\t\t\t\t<\/div>\n\t\t\t\t<\/div>\n\t\t<div class=\"elementor-element elementor-element-a9774d5 e-con-full e-flex e-con e-parent\" data-id=\"a9774d5\" data-element_type=\"container\">\n\t\t<div class=\"elementor-element elementor-element-44b9499 e-con-full e-flex e-con e-child\" data-id=\"44b9499\" data-element_type=\"container\">\n\t\t\t\t<div class=\"elementor-element elementor-element-7207a93 elementor-widget elementor-widget-leroux_core_advanced_image_slider\" data-id=\"7207a93\" data-element_type=\"widget\" data-widget_type=\"leroux_core_advanced_image_slider.default\">\n\t\t\t\t<div class=\"elementor-widget-container\">\n\t\t\t<div class=\"qodef-shortcode qodef-m  qodef-advanced-image-slider qodef-swiper-container \" data-options=\"{&quot;loop&quot;:true,&quot;autoplay&quot;:true,&quot;speed&quot;:&quot;&quot;,&quot;speedAnimation&quot;:&quot;&quot;,&quot;centeredSlides&quot;:true,&quot;slidesPerView&quot;:1.7279999999999999804600747665972448885440826416015625}\">\n\t<div class=\"swiper-wrapper\">\n\t\t<div class=\"qodef-e qodef-ais-image-wrapper swiper-slide\">\n\t<div class=\"qodef-ais-image-wrapper-inner\">\n\t\t\t\t\t\t<img decoding=\"async\" width=\"1920\" height=\"1080\" src=\"https:\/\/ozturkgroup.com.tr\/wp-content\/uploads\/2024\/06\/Untitled-1_edit.jpg\" class=\"attachment-full size-full\" alt=\"\" srcset=\"https:\/\/ozturkgroup.com.tr\/wp-content\/uploads\/2024\/06\/Untitled-1_edit.jpg 1920w, https:\/\/ozturkgroup.com.tr\/wp-content\/uploads\/2024\/06\/Untitled-1_edit-300x169.jpg 300w, https:\/\/ozturkgroup.com.tr\/wp-content\/uploads\/2024\/06\/Untitled-1_edit-1024x576.jpg 1024w, https:\/\/ozturkgroup.com.tr\/wp-content\/uploads\/2024\/06\/Untitled-1_edit-768x432.jpg 768w, https:\/\/ozturkgroup.com.tr\/wp-content\/uploads\/2024\/06\/Untitled-1_edit-1536x864.jpg 1536w, https:\/\/ozturkgroup.com.tr\/wp-content\/uploads\/2024\/06\/Untitled-1_edit-600x338.jpg 600w\" sizes=\"(max-width: 1920px) 100vw, 1920px\" \/>\t\t\t\t\t<\/div>\n<\/div>\n<div class=\"qodef-e qodef-ais-image-wrapper swiper-slide\">\n\t<div class=\"qodef-ais-image-wrapper-inner\">\n\t\t\t\t\t\t<img decoding=\"async\" width=\"1920\" height=\"1080\" src=\"https:\/\/ozturkgroup.com.tr\/wp-content\/uploads\/2024\/06\/IMG_3634_edit.jpg\" class=\"attachment-full size-full\" alt=\"\" srcset=\"https:\/\/ozturkgroup.com.tr\/wp-content\/uploads\/2024\/06\/IMG_3634_edit.jpg 1920w, https:\/\/ozturkgroup.com.tr\/wp-content\/uploads\/2024\/06\/IMG_3634_edit-300x169.jpg 300w, https:\/\/ozturkgroup.com.tr\/wp-content\/uploads\/2024\/06\/IMG_3634_edit-1024x576.jpg 1024w, https:\/\/ozturkgroup.com.tr\/wp-content\/uploads\/2024\/06\/IMG_3634_edit-768x432.jpg 768w, https:\/\/ozturkgroup.com.tr\/wp-content\/uploads\/2024\/06\/IMG_3634_edit-1536x864.jpg 1536w, https:\/\/ozturkgroup.com.tr\/wp-content\/uploads\/2024\/06\/IMG_3634_edit-600x338.jpg 600w\" sizes=\"(max-width: 1920px) 100vw, 1920px\" \/>\t\t\t\t\t<\/div>\n<\/div>\n<div class=\"qodef-e qodef-ais-image-wrapper swiper-slide\">\n\t<div class=\"qodef-ais-image-wrapper-inner\">\n\t\t\t\t\t\t<img loading=\"lazy\" decoding=\"async\" width=\"1920\" height=\"1080\" src=\"https:\/\/ozturkgroup.com.tr\/wp-content\/uploads\/2024\/06\/IMG_3583_edit.jpg\" class=\"attachment-full size-full\" alt=\"\" srcset=\"https:\/\/ozturkgroup.com.tr\/wp-content\/uploads\/2024\/06\/IMG_3583_edit.jpg 1920w, https:\/\/ozturkgroup.com.tr\/wp-content\/uploads\/2024\/06\/IMG_3583_edit-300x169.jpg 300w, https:\/\/ozturkgroup.com.tr\/wp-content\/uploads\/2024\/06\/IMG_3583_edit-1024x576.jpg 1024w, https:\/\/ozturkgroup.com.tr\/wp-content\/uploads\/2024\/06\/IMG_3583_edit-768x432.jpg 768w, https:\/\/ozturkgroup.com.tr\/wp-content\/uploads\/2024\/06\/IMG_3583_edit-1536x864.jpg 1536w, https:\/\/ozturkgroup.com.tr\/wp-content\/uploads\/2024\/06\/IMG_3583_edit-600x338.jpg 600w\" sizes=\"(max-width: 1920px) 100vw, 1920px\" \/>\t\t\t\t\t<\/div>\n<\/div>\n<div class=\"qodef-e qodef-ais-image-wrapper swiper-slide\">\n\t<div class=\"qodef-ais-image-wrapper-inner\">\n\t\t\t\t\t\t<img loading=\"lazy\" decoding=\"async\" width=\"1920\" height=\"1080\" src=\"https:\/\/ozturkgroup.com.tr\/wp-content\/uploads\/2024\/06\/IMG_3538_edit.jpg\" class=\"attachment-full size-full\" alt=\"\" srcset=\"https:\/\/ozturkgroup.com.tr\/wp-content\/uploads\/2024\/06\/IMG_3538_edit.jpg 1920w, https:\/\/ozturkgroup.com.tr\/wp-content\/uploads\/2024\/06\/IMG_3538_edit-300x169.jpg 300w, https:\/\/ozturkgroup.com.tr\/wp-content\/uploads\/2024\/06\/IMG_3538_edit-1024x576.jpg 1024w, https:\/\/ozturkgroup.com.tr\/wp-content\/uploads\/2024\/06\/IMG_3538_edit-768x432.jpg 768w, https:\/\/ozturkgroup.com.tr\/wp-content\/uploads\/2024\/06\/IMG_3538_edit-1536x864.jpg 1536w, https:\/\/ozturkgroup.com.tr\/wp-content\/uploads\/2024\/06\/IMG_3538_edit-600x338.jpg 600w\" sizes=\"(max-width: 1920px) 100vw, 1920px\" \/>\t\t\t\t\t<\/div>\n<\/div>\n<div class=\"qodef-e qodef-ais-image-wrapper swiper-slide\">\n\t<div class=\"qodef-ais-image-wrapper-inner\">\n\t\t\t\t\t\t<img loading=\"lazy\" decoding=\"async\" width=\"1920\" height=\"1080\" src=\"https:\/\/ozturkgroup.com.tr\/wp-content\/uploads\/2024\/06\/IMG_3537_edit.jpg\" class=\"attachment-full size-full\" alt=\"\" srcset=\"https:\/\/ozturkgroup.com.tr\/wp-content\/uploads\/2024\/06\/IMG_3537_edit.jpg 1920w, https:\/\/ozturkgroup.com.tr\/wp-content\/uploads\/2024\/06\/IMG_3537_edit-300x169.jpg 300w, https:\/\/ozturkgroup.com.tr\/wp-content\/uploads\/2024\/06\/IMG_3537_edit-1024x576.jpg 1024w, https:\/\/ozturkgroup.com.tr\/wp-content\/uploads\/2024\/06\/IMG_3537_edit-768x432.jpg 768w, https:\/\/ozturkgroup.com.tr\/wp-content\/uploads\/2024\/06\/IMG_3537_edit-1536x864.jpg 1536w, https:\/\/ozturkgroup.com.tr\/wp-content\/uploads\/2024\/06\/IMG_3537_edit-600x338.jpg 600w\" sizes=\"(max-width: 1920px) 100vw, 1920px\" \/>\t\t\t\t\t<\/div>\n<\/div>\n\t<\/div>\n\t\t<div class=\"swiper-button-prev \"><svg class=\"qodef-svg--slider-arrow-left\" xmlns=\"http:\/\/www.w3.org\/2000\/svg\" width=\"32.113\" height=\"32.113\" viewBox=\"0 0 32.113 32.113\"><g><path d=\"M31.613 16.056H.50030163\"\/><path d=\"M16.18463714.81997019.8524408 16.15216652\"\/><path d=\"M16.18463714 31.48436286.8524408 16.15216652\"\/><\/g><g><path d=\"M31.613 16.056H.50030163\"\/><path d=\"M16.18463714.81997019.8524408 16.15216652\"\/><path d=\"M16.18463714 31.48436286.8524408 16.15216652\"\/><\/g><\/svg><\/div>\n\t<div class=\"swiper-button-next \"><svg class=\"qodef-svg--slider-arrow-right\" xmlns=\"http:\/\/www.w3.org\/2000\/svg\" width=\"32.113\" height=\"32.113\" viewBox=\"0 0 32.113 32.113\"><g><path d=\"M.49965081 16.05634919H31.6123492\"\/><path d=\"m15.92872078.82102648 15.33219634 15.33219634\"\/><path d=\"m15.92801367 31.48471204 15.33219634-15.33219633\"\/><\/g><g><path d=\"M.49965081 16.05634919H31.6123492\"\/><path d=\"m15.92872078.82102648 15.33219634 15.33219634\"\/><path d=\"m15.92801367 31.48471204 15.33219634-15.33219633\"\/><\/g><\/svg><\/div>\n\t<\/div>\n\t\t<\/div>\n\t\t\t\t<\/div>\n\t\t\t\t<\/div>\n\t\t\t\t<\/div>\n\t\t\t\t<section class=\"elementor-section elementor-top-section elementor-element elementor-element-60b16e4 elementor-section-full_width elementor-section-height-default elementor-section-height-default\" data-id=\"60b16e4\" data-element_type=\"section\" data-settings=\"{&quot;background_background&quot;:&quot;classic&quot;}\">\n\t\t\t\t\t\t<div class=\"elementor-container elementor-column-gap-default\">\n\t\t\t\t\t<div class=\"elementor-column elementor-col-100 elementor-top-column elementor-element elementor-element-e1d7f96\" data-id=\"e1d7f96\" data-element_type=\"column\">\n\t\t\t<div class=\"elementor-widget-wrap elementor-element-populated\">\n\t\t\t\t\t\t<section class=\"elementor-section elementor-inner-section elementor-element elementor-element-9caf883 elementor-section-height-min-height elementor-section-full_width elementor-section-height-default\" data-id=\"9caf883\" data-element_type=\"section\">\n\t\t\t\t\t\t<div class=\"elementor-container elementor-column-gap-default\">\n\t\t\t\t\t<div class=\"elementor-column elementor-col-25 elementor-inner-column elementor-element elementor-element-4d0eb06\" data-id=\"4d0eb06\" data-element_type=\"column\" data-settings=\"{&quot;background_background&quot;:&quot;classic&quot;}\">\n\t\t\t<div class=\"elementor-widget-wrap elementor-element-populated\">\n\t\t\t\t\t<div class=\"elementor-background-overlay\"><\/div>\n\t\t\t\t\t\t<div class=\"elementor-element elementor-element-973c808 elementor-widget elementor-widget-leroux_core_section_title\" data-id=\"973c808\" data-element_type=\"widget\" data-widget_type=\"leroux_core_section_title.default\">\n\t\t\t\t<div class=\"elementor-widget-container\">\n\t\t\t<div class=\"qodef-shortcode qodef-m  qodef-section-title qodef-alignment--left \">\n\t\t<h4 class=\"qodef-m-title\" style=\"color: #FFFFFF\">\n\t\t\t\t\tEnerji\t\t\t<\/h4>\n\t<\/div>\n\t\t<\/div>\n\t\t\t\t<\/div>\n\t\t\t\t<div class=\"elementor-element elementor-element-c5fad63 elementor-widget elementor-widget-leroux_core_button\" data-id=\"c5fad63\" data-element_type=\"widget\" data-widget_type=\"leroux_core_button.default\">\n\t\t\t\t<div class=\"elementor-widget-container\">\n\t\t\t<a class=\"qodef-shortcode qodef-m  qodef-button qodef-layout--filled qodef-background--blur  qodef-html--link\" href=\"https:\/\/ozturkgroup.com.tr\/tr\/sektorler-enerji\/\" target=\"_self\"  >\n    <span class=\"qodef-m-text\">Daha fazla<\/span>\n    <span class=\"qodef-m-arrow\"><svg class=\"qodef-svg--button-arrow\" xmlns=\"http:\/\/www.w3.org\/2000\/svg\" width=\"10\" height=\"10\" viewBox=\"0 0 9.8 9.8\"><g><path d=\"m.4 9.4 9-9\"\/><path d=\"M.4.5h8.9\"\/><path d=\"M9.3 9.4V.5\"\/><\/g><g><path d=\"m.4 9.4 9-9\"\/><path d=\"M.4.5h8.9\"\/><path d=\"M9.3 9.4V.5\"\/><\/g><\/svg><\/span>\n<\/a>\n\t\t<\/div>\n\t\t\t\t<\/div>\n\t\t\t\t\t<\/div>\n\t\t<\/div>\n\t\t\t\t<div class=\"elementor-column elementor-col-25 elementor-inner-column elementor-element elementor-element-21b006e\" data-id=\"21b006e\" data-element_type=\"column\" data-settings=\"{&quot;background_background&quot;:&quot;classic&quot;}\">\n\t\t\t<div class=\"elementor-widget-wrap elementor-element-populated\">\n\t\t\t\t\t<div class=\"elementor-background-overlay\"><\/div>\n\t\t\t\t\t\t<div class=\"elementor-element elementor-element-0c472dd elementor-widget elementor-widget-leroux_core_section_title\" data-id=\"0c472dd\" data-element_type=\"widget\" data-widget_type=\"leroux_core_section_title.default\">\n\t\t\t\t<div class=\"elementor-widget-container\">\n\t\t\t<div class=\"qodef-shortcode qodef-m  qodef-section-title qodef-alignment--left \">\n\t\t<h4 class=\"qodef-m-title\" style=\"color: #FFFFFF\">\n\t\t\t\t\tTurizm &amp; Golf\t\t\t<\/h4>\n\t<\/div>\n\t\t<\/div>\n\t\t\t\t<\/div>\n\t\t\t\t<div class=\"elementor-element elementor-element-c9fc9dc elementor-widget elementor-widget-leroux_core_button\" data-id=\"c9fc9dc\" data-element_type=\"widget\" data-widget_type=\"leroux_core_button.default\">\n\t\t\t\t<div class=\"elementor-widget-container\">\n\t\t\t<a class=\"qodef-shortcode qodef-m  qodef-button qodef-layout--filled qodef-background--blur  qodef-html--link\" href=\"https:\/\/ozturkgroup.com.tr\/tr\/sektorler-turizm-golf\/\" target=\"_self\"  >\n    <span class=\"qodef-m-text\">Daha fazla<\/span>\n    <span class=\"qodef-m-arrow\"><svg class=\"qodef-svg--button-arrow\" xmlns=\"http:\/\/www.w3.org\/2000\/svg\" width=\"10\" height=\"10\" viewBox=\"0 0 9.8 9.8\"><g><path d=\"m.4 9.4 9-9\"\/><path d=\"M.4.5h8.9\"\/><path d=\"M9.3 9.4V.5\"\/><\/g><g><path d=\"m.4 9.4 9-9\"\/><path d=\"M.4.5h8.9\"\/><path d=\"M9.3 9.4V.5\"\/><\/g><\/svg><\/span>\n<\/a>\n\t\t<\/div>\n\t\t\t\t<\/div>\n\t\t\t\t\t<\/div>\n\t\t<\/div>\n\t\t\t\t<div class=\"elementor-column elementor-col-25 elementor-inner-column elementor-element elementor-element-00add38\" data-id=\"00add38\" data-element_type=\"column\" data-settings=\"{&quot;background_background&quot;:&quot;classic&quot;}\">\n\t\t\t<div class=\"elementor-widget-wrap elementor-element-populated\">\n\t\t\t\t\t<div class=\"elementor-background-overlay\"><\/div>\n\t\t\t\t\t\t<div class=\"elementor-element elementor-element-69f5cb4 elementor-widget elementor-widget-leroux_core_section_title\" data-id=\"69f5cb4\" data-element_type=\"widget\" data-widget_type=\"leroux_core_section_title.default\">\n\t\t\t\t<div class=\"elementor-widget-container\">\n\t\t\t<div class=\"qodef-shortcode qodef-m  qodef-section-title qodef-alignment--left \">\n\t\t<h4 class=\"qodef-m-title\" style=\"color: #FFFFFF\">\n\t\t\t\t\t\u0130n\u015faat &amp; Gayrimenkul\t\t\t<\/h4>\n\t<\/div>\n\t\t<\/div>\n\t\t\t\t<\/div>\n\t\t\t\t<div class=\"elementor-element elementor-element-29272a8 elementor-widget elementor-widget-leroux_core_button\" data-id=\"29272a8\" data-element_type=\"widget\" data-widget_type=\"leroux_core_button.default\">\n\t\t\t\t<div class=\"elementor-widget-container\">\n\t\t\t<a class=\"qodef-shortcode qodef-m  qodef-button qodef-layout--filled qodef-background--blur  qodef-html--link\" href=\"https:\/\/ozturkgroup.com.tr\/tr\/sektorler-insaat-gayrimenkul\/\" target=\"_self\"  >\n    <span class=\"qodef-m-text\">Daha fazla<\/span>\n    <span class=\"qodef-m-arrow\"><svg class=\"qodef-svg--button-arrow\" xmlns=\"http:\/\/www.w3.org\/2000\/svg\" width=\"10\" height=\"10\" viewBox=\"0 0 9.8 9.8\"><g><path d=\"m.4 9.4 9-9\"\/><path d=\"M.4.5h8.9\"\/><path d=\"M9.3 9.4V.5\"\/><\/g><g><path d=\"m.4 9.4 9-9\"\/><path d=\"M.4.5h8.9\"\/><path d=\"M9.3 9.4V.5\"\/><\/g><\/svg><\/span>\n<\/a>\n\t\t<\/div>\n\t\t\t\t<\/div>\n\t\t\t\t\t<\/div>\n\t\t<\/div>\n\t\t\t\t<div class=\"elementor-column elementor-col-25 elementor-inner-column elementor-element elementor-element-c156eb0\" data-id=\"c156eb0\" data-element_type=\"column\" data-settings=\"{&quot;background_background&quot;:&quot;classic&quot;}\">\n\t\t\t<div class=\"elementor-widget-wrap elementor-element-populated\">\n\t\t\t\t\t<div class=\"elementor-background-overlay\"><\/div>\n\t\t\t\t\t\t<div class=\"elementor-element elementor-element-dcea666 elementor-widget elementor-widget-leroux_core_section_title\" data-id=\"dcea666\" data-element_type=\"widget\" data-widget_type=\"leroux_core_section_title.default\">\n\t\t\t\t<div class=\"elementor-widget-container\">\n\t\t\t<div class=\"qodef-shortcode qodef-m  qodef-section-title qodef-alignment--left \">\n\t\t<h4 class=\"qodef-m-title\" style=\"color: #FFFFFF\">\n\t\t\t\t\tLojistik\t\t\t<\/h4>\n\t<\/div>\n\t\t<\/div>\n\t\t\t\t<\/div>\n\t\t\t\t<div class=\"elementor-element elementor-element-73f4d6d elementor-widget elementor-widget-leroux_core_button\" data-id=\"73f4d6d\" data-element_type=\"widget\" data-widget_type=\"leroux_core_button.default\">\n\t\t\t\t<div class=\"elementor-widget-container\">\n\t\t\t<a class=\"qodef-shortcode qodef-m  qodef-button qodef-layout--filled qodef-background--blur  qodef-html--link\" href=\"https:\/\/ozturkgroup.com.tr\/tr\/sektorler-lojistik\/\" target=\"_self\"  >\n    <span class=\"qodef-m-text\">Daha fazla<\/span>\n    <span class=\"qodef-m-arrow\"><svg class=\"qodef-svg--button-arrow\" xmlns=\"http:\/\/www.w3.org\/2000\/svg\" width=\"10\" height=\"10\" viewBox=\"0 0 9.8 9.8\"><g><path d=\"m.4 9.4 9-9\"\/><path d=\"M.4.5h8.9\"\/><path d=\"M9.3 9.4V.5\"\/><\/g><g><path d=\"m.4 9.4 9-9\"\/><path d=\"M.4.5h8.9\"\/><path d=\"M9.3 9.4V.5\"\/><\/g><\/svg><\/span>\n<\/a>\n\t\t<\/div>\n\t\t\t\t<\/div>\n\t\t\t\t\t<\/div>\n\t\t<\/div>\n\t\t\t\t\t<\/div>\n\t\t<\/section>\n\t\t\t\t\t<\/div>\n\t\t<\/div>\n\t\t\t\t\t<\/div>\n\t\t<\/section>\n\t\t\t\t<\/div>\n\t\t","protected":false},"excerpt":{"rendered":"<p>Turkish Opet Genel Merkez \u0130stanbul D\u00fcnya Ticaret Merkezi A-1 Blok 411-412-413 Ye\u015filk\u00f6y \/ \u0130stanbul Telefon +90 (212) 468 29 00 Fax +90 (212) 465 03 54 Web Adresi thyopet.com T\u00fcrk Hava Yollar\u0131 A.O. ve OPET Petrolc\u00fcl\u00fck A.\u015e., \u015firketin %50 hissesine sahip olan THY OPET Havac\u0131l\u0131k Yak\u0131tlar\u0131 A.\u015e.\u2019de ortakt\u0131r. 8 Eyl\u00fcl 2009 tarihinde 75 milyon dolarl\u0131k [&hellip;]<\/p>\n","protected":false},"author":1,"featured_media":0,"parent":0,"menu_order":0,"comment_status":"closed","ping_status":"closed","template":"page-full-width.php","meta":{"footnotes":""},"class_list":["post-12784","page","type-page","status-publish","hentry"],"_links":{"self":[{"href":"https:\/\/ozturkgroup.com.tr\/tr\/wp-json\/wp\/v2\/pages\/12784","targetHints":{"allow":["GET"]}}],"collection":[{"href":"https:\/\/ozturkgroup.com.tr\/tr\/wp-json\/wp\/v2\/pages"}],"about":[{"href":"https:\/\/ozturkgroup.com.tr\/tr\/wp-json\/wp\/v2\/types\/page"}],"author":[{"embeddable":true,"href":"https:\/\/ozturkgroup.com.tr\/tr\/wp-json\/wp\/v2\/users\/1"}],"replies":[{"embeddable":true,"href":"https:\/\/ozturkgroup.com.tr\/tr\/wp-json\/wp\/v2\/comments?post=12784"}],"version-history":[{"count":0,"href":"https:\/\/ozturkgroup.com.tr\/tr\/wp-json\/wp\/v2\/pages\/12784\/revisions"}],"wp:attachment":[{"href":"https:\/\/ozturkgroup.com.tr\/tr\/wp-json\/wp\/v2\/media?parent=12784"}],"curies":[{"name":"wp","href":"https:\/\/api.w.org\/{rel}","templated":true}]}}