{"id":12197,"date":"2024-06-27T18:35:13","date_gmt":"2024-06-27T18:35:13","guid":{"rendered":"https:\/\/ozturkgroup.com.tr\/contact\/"},"modified":"2024-06-29T20:09:58","modified_gmt":"2024-06-29T20:09:58","slug":"iletisim","status":"publish","type":"page","link":"https:\/\/ozturkgroup.com.tr\/tr\/iletisim\/","title":{"rendered":"\u0130leti\u015fim"},"content":{"rendered":"\t\t<div data-elementor-type=\"wp-page\" data-elementor-id=\"12197\" class=\"elementor elementor-12197 elementor-11627\">\n\t\t\t\t<div class=\"elementor-element elementor-element-5194e51 e-con-full e-flex e-con e-parent\" data-id=\"5194e51\" data-element_type=\"container\" id=\"Energy\" data-settings=\"{&quot;background_background&quot;:&quot;classic&quot;}\">\n\t\t<div class=\"elementor-element elementor-element-c02c666 e-con-full e-flex e-con e-child\" data-id=\"c02c666\" data-element_type=\"container\">\n\t\t\t\t<div class=\"elementor-element elementor-element-5bd9fd9 elementor-widget elementor-widget-leroux_core_section_title\" data-id=\"5bd9fd9\" data-element_type=\"widget\" data-widget_type=\"leroux_core_section_title.default\">\n\t\t\t\t<div class=\"elementor-widget-container\">\n\t\t\t<div class=\"qodef-shortcode qodef-m  qodef-section-title qodef-alignment--left \">\n\t\t<h1 class=\"qodef-m-title\" style=\"color: #FFFFFF\">\n\t\t\t\t\t\u0130leti\u015fim\t\t\t<\/h1>\n\t<\/div>\n\t\t<\/div>\n\t\t\t\t<\/div>\n\t\t\t\t<\/div>\n\t\t\t\t<\/div>\n\t\t\t\t<section class=\"elementor-section elementor-top-section elementor-element elementor-element-ae663ba elementor-section-full_width elementor-section-height-default elementor-section-height-default\" data-id=\"ae663ba\" data-element_type=\"section\">\n\t\t\t\t\t\t<div class=\"elementor-container elementor-column-gap-no\">\n\t\t\t\t\t<div class=\"elementor-column elementor-col-50 elementor-top-column elementor-element elementor-element-52d450c\" data-id=\"52d450c\" data-element_type=\"column\">\n\t\t\t<div class=\"elementor-widget-wrap elementor-element-populated\">\n\t\t\t\t\t\t<div class=\"elementor-element elementor-element-7c26110 elementor-widget elementor-widget-leroux_core_section_title\" data-id=\"7c26110\" data-element_type=\"widget\" data-widget_type=\"leroux_core_section_title.default\">\n\t\t\t\t<div class=\"elementor-widget-container\">\n\t\t\t<div class=\"qodef-shortcode qodef-m  qodef-section-title qodef-alignment--left \">\n\t\t<h1 class=\"qodef-m-title\" >\n\t\t\t\t\tBir sorunuz mu var?\t\t\t<\/h1>\n\t<\/div>\n\t\t<\/div>\n\t\t\t\t<\/div>\n\t\t\t\t<div class=\"elementor-element elementor-element-1f62d16 elementor-widget elementor-widget-leroux_core_section_title\" data-id=\"1f62d16\" data-element_type=\"widget\" data-widget_type=\"leroux_core_section_title.default\">\n\t\t\t\t<div class=\"elementor-widget-container\">\n\t\t\t<div class=\"qodef-shortcode qodef-m  qodef-section-title qodef-alignment--left \">\n\t\t<h1 class=\"qodef-m-title\" >\n\t\t\t\t\tBizimle ileti\u015fime ge\u00e7in!\t\t\t<\/h1>\n\t<\/div>\n\t\t<\/div>\n\t\t\t\t<\/div>\n\t\t\t\t<div class=\"elementor-element elementor-element-7e316aa elementor-widget elementor-widget-text-editor\" data-id=\"7e316aa\" data-element_type=\"widget\" data-widget_type=\"text-editor.default\">\n\t\t\t\t<div class=\"elementor-widget-container\">\n\t\t\t\t\t\t\t<p>Sorular\u0131n\u0131z, talepleriniz veya \u015fikayetleriniz i\u00e7in a\u015fa\u011f\u0131daki formu doldurabilir ya da do\u011frudan a\u015fa\u011f\u0131daki telefon numaras\u0131 ve e-posta adresi arac\u0131l\u0131\u011f\u0131yla bizimle ileti\u015fime ge\u00e7ebilirsiniz.<\/p>\t\t\t\t\t\t<\/div>\n\t\t\t\t<\/div>\n\t\t\t\t<section class=\"elementor-section elementor-inner-section elementor-element elementor-element-76cec2e elementor-section-full_width elementor-section-height-default elementor-section-height-default\" data-id=\"76cec2e\" data-element_type=\"section\">\n\t\t\t\t\t\t<div class=\"elementor-container elementor-column-gap-no\">\n\t\t\t\t\t<div class=\"elementor-column elementor-col-50 elementor-inner-column elementor-element elementor-element-55f63ab\" data-id=\"55f63ab\" data-element_type=\"column\">\n\t\t\t<div class=\"elementor-widget-wrap elementor-element-populated\">\n\t\t\t\t\t\t<div class=\"elementor-element elementor-element-565d76e elementor-widget elementor-widget-leroux_core_section_title\" data-id=\"565d76e\" data-element_type=\"widget\" data-widget_type=\"leroux_core_section_title.default\">\n\t\t\t\t<div class=\"elementor-widget-container\">\n\t\t\t<div class=\"qodef-shortcode qodef-m  qodef-section-title qodef-alignment--left \">\n\t\t<h4 class=\"qodef-m-title\" >\n\t\t\t\t\tAdres\t\t\t<\/h4>\n\t\t<p class=\"qodef-m-text\" >K\u0131s\u0131kl\u0131 Mah. Alemda\u011f Cad. Masaldan \u0130\u015f Merkezi F Blok No:3 \u00dcsk\u00fcdar \/ \u0130stanbul \/ T\u00fcrkiye<\/p>\n<\/div>\n\t\t<\/div>\n\t\t\t\t<\/div>\n\t\t\t\t\t<\/div>\n\t\t<\/div>\n\t\t\t\t<div class=\"elementor-column elementor-col-50 elementor-inner-column elementor-element elementor-element-080afbf\" data-id=\"080afbf\" data-element_type=\"column\">\n\t\t\t<div class=\"elementor-widget-wrap\">\n\t\t\t\t\t\t\t<\/div>\n\t\t<\/div>\n\t\t\t\t\t<\/div>\n\t\t<\/section>\n\t\t\t\t<section class=\"elementor-section elementor-inner-section elementor-element elementor-element-16f7294 elementor-section-full_width elementor-section-height-default elementor-section-height-default\" data-id=\"16f7294\" data-element_type=\"section\">\n\t\t\t\t\t\t<div class=\"elementor-container elementor-column-gap-no\">\n\t\t\t\t\t<div class=\"elementor-column elementor-col-50 elementor-inner-column elementor-element elementor-element-9d0bb26\" data-id=\"9d0bb26\" data-element_type=\"column\">\n\t\t\t<div class=\"elementor-widget-wrap elementor-element-populated\">\n\t\t\t\t\t\t<div class=\"elementor-element elementor-element-56ea4fb elementor-widget elementor-widget-leroux_core_section_title\" data-id=\"56ea4fb\" data-element_type=\"widget\" data-widget_type=\"leroux_core_section_title.default\">\n\t\t\t\t<div class=\"elementor-widget-container\">\n\t\t\t<div class=\"qodef-shortcode qodef-m  qodef-section-title qodef-alignment--left \">\n\t\t<h4 class=\"qodef-m-title\" >\n\t\t\t\t\tTelefon\t\t\t<\/h4>\n\t\t<p class=\"qodef-m-text\" >+90216 522 68 40\n<\/p>\n<\/div>\n\t\t<\/div>\n\t\t\t\t<\/div>\n\t\t\t\t\t<\/div>\n\t\t<\/div>\n\t\t\t\t<div class=\"elementor-column elementor-col-50 elementor-inner-column elementor-element elementor-element-475c0e5\" data-id=\"475c0e5\" data-element_type=\"column\">\n\t\t\t<div class=\"elementor-widget-wrap elementor-element-populated\">\n\t\t\t\t\t\t<div class=\"elementor-element elementor-element-5409fa1 elementor-widget elementor-widget-leroux_core_section_title\" data-id=\"5409fa1\" data-element_type=\"widget\" data-widget_type=\"leroux_core_section_title.default\">\n\t\t\t\t<div class=\"elementor-widget-container\">\n\t\t\t<div class=\"qodef-shortcode qodef-m  qodef-section-title qodef-alignment--left \">\n\t\t<h4 class=\"qodef-m-title\" >\n\t\t\t\t\t\u0130leti\u015fim\t\t\t<\/h4>\n\t\t<p class=\"qodef-m-text\" >info@ozturkgroup.com.tr<\/p>\n<\/div>\n\t\t<\/div>\n\t\t\t\t<\/div>\n\t\t\t\t\t<\/div>\n\t\t<\/div>\n\t\t\t\t\t<\/div>\n\t\t<\/section>\n\t\t\t\t\t<\/div>\n\t\t<\/div>\n\t\t\t\t<div class=\"elementor-column elementor-col-50 elementor-top-column elementor-element elementor-element-fabf2a2\" data-id=\"fabf2a2\" data-element_type=\"column\">\n\t\t\t<div class=\"elementor-widget-wrap elementor-element-populated\">\n\t\t\t\t\t\t<div class=\"elementor-element elementor-element-98d994f elementor-widget elementor-widget-leroux_core_section_title\" data-id=\"98d994f\" data-element_type=\"widget\" data-widget_type=\"leroux_core_section_title.default\">\n\t\t\t\t<div class=\"elementor-widget-container\">\n\t\t\t<div class=\"qodef-shortcode qodef-m  qodef-section-title qodef-alignment--left \">\n\t\t<h4 class=\"qodef-m-title\" >\n\t\t\t\t\tMesaj\u0131n\u0131z\t\t\t<\/h4>\n\t<\/div>\n\t\t<\/div>\n\t\t\t\t<\/div>\n\t\t\t\t<div class=\"elementor-element elementor-element-c989295 elementor-widget elementor-widget-wp-widget-leroux_core_contact_form_7\" data-id=\"c989295\" data-element_type=\"widget\" data-widget_type=\"wp-widget-leroux_core_contact_form_7.default\">\n\t\t\t\t<div class=\"elementor-widget-container\">\n\t\t\t\t\t\t<div class=\"qodef-contact-form-7\">\n\t\t\t\t\n<div class=\"wpcf7 no-js\" id=\"wpcf7-f13417-o1\" lang=\"en-US\" dir=\"ltr\" data-wpcf7-id=\"13417\">\n<div class=\"screen-reader-response\"><p role=\"status\" aria-live=\"polite\" aria-atomic=\"true\"><\/p> <ul><\/ul><\/div>\n<form action=\"\/tr\/wp-json\/wp\/v2\/pages\/12197#wpcf7-f13417-o1\" method=\"post\" class=\"wpcf7-form init demo\" aria-label=\"Contact form\" novalidate=\"novalidate\" data-status=\"init\">\n<fieldset class=\"hidden-fields-container\"><input type=\"hidden\" name=\"_wpcf7\" value=\"13417\" \/><input type=\"hidden\" name=\"_wpcf7_version\" value=\"6.1.5\" \/><input type=\"hidden\" name=\"_wpcf7_locale\" value=\"en_US\" \/><input type=\"hidden\" name=\"_wpcf7_unit_tag\" value=\"wpcf7-f13417-o1\" \/><input type=\"hidden\" name=\"_wpcf7_container_post\" value=\"0\" \/><input type=\"hidden\" name=\"_wpcf7_posted_data_hash\" value=\"\" \/>\n<\/fieldset>\n<div class=\"qodef-main-form qodef--large qodef-layout--columns\">\n\n<div class=\"qodef-cf7-columns\">\n\n<div class=\"qodef-input-holder\">\n\n<span class=\"wpcf7-form-control-wrap\" data-name=\"your-name\"><input size=\"40\" maxlength=\"400\" class=\"wpcf7-form-control wpcf7-text wpcf7-validates-as-required\" aria-required=\"true\" aria-invalid=\"false\" placeholder=\"\u0130sim\" value=\"\" type=\"text\" name=\"your-name\" \/><\/span>\n\n<\/div>\n\n<div class=\"qodef-input-holder\">\n\n<span class=\"wpcf7-form-control-wrap\" data-name=\"your-email\"><input size=\"40\" maxlength=\"400\" class=\"wpcf7-form-control wpcf7-email wpcf7-validates-as-required wpcf7-text wpcf7-validates-as-email\" aria-required=\"true\" aria-invalid=\"false\" placeholder=\"E-mail\" value=\"\" type=\"email\" name=\"your-email\" \/><\/span>\n\n<\/div>\n\n<\/div>\n\n<div class=\"qodef-input-holder\">\n\n<span class=\"wpcf7-form-control-wrap\" data-name=\"your-message\"><textarea cols=\"40\" rows=\"5\" maxlength=\"2000\" class=\"wpcf7-form-control wpcf7-textarea\" aria-invalid=\"false\" placeholder=\"Mesaj\" name=\"your-message\"><\/textarea><\/span>\n\n<\/div>\n\n<button class=\"wpcf7-form-control wpcf7-submit qodef-button qodef-size--normal qodef-layout--filled qodef-m\" type=\"submit\"><span class=\"qodef-m-text\">G\u00f6nder<\/span><span class=\"qodef-m-arrow\"><svg class=\"qodef-svg--button-arrow\" xmlns=\"http:\/\/www.w3.org\/2000\/svg\" width=\"10\" height=\"10\" viewBox=\"0 0 9.8 9.8\"><g><path d=\"m.4 9.4 9-9\"\/><path d=\"M.4.5h8.9\"\/><path d=\"M9.3 9.4V.5\"\/><\/g><g><path d=\"m.4 9.4 9-9\"\/><path d=\"M.4.5h8.9\"\/><path d=\"M9.3 9.4V.5\"\/><\/g><\/svg><\/span><\/button>\n\n<\/div><div class=\"wpcf7-response-output\" aria-hidden=\"true\"><\/div>\n<\/form>\n<\/div>\n\t\t\t<\/div>\n\t\t\t\t\t<\/div>\n\t\t\t\t<\/div>\n\t\t\t\t\t<\/div>\n\t\t<\/div>\n\t\t\t\t\t<\/div>\n\t\t<\/section>\n\t\t<div class=\"elementor-element elementor-element-f3783f6 e-con-full e-flex e-con e-parent\" data-id=\"f3783f6\" data-element_type=\"container\">\n\t\t\t\t<div class=\"elementor-element elementor-element-113f2f0 elementor-widget elementor-widget-html\" data-id=\"113f2f0\" data-element_type=\"widget\" data-widget_type=\"html.default\">\n\t\t\t\t<div class=\"elementor-widget-container\">\n\t\t\t<div style=\"\r\nwidth: 100%;\r\n-webkit-filter: grayscale(100%);\r\nfilter: grayscale(100%);\">\r\n<iframe src=\"https:\/\/www.google.com\/maps\/embed?pb=!1m18!1m12!1m3!1d3010.1302747775326!2d29.070925076529328!3d41.02240571855411!2m3!1f0!2f0!3f0!3m2!1i1024!2i768!4f13.1!3m3!1m2!1s0x14cac86a16dcfc23%3A0xe693d668d39cec77!2sMasaldan%20Business%20Center!5e0!3m2!1sen!2sus!4v1719513653298!5m2!1sen!2sus\" width=\"100%\" height=\"450\" style=\"border:0;\" allowfullscreen=\"\" loading=\"lazy\" referrerpolicy=\"no-referrer-when-downgrade\"><\/iframe>\r\n<\/div>\t\t<\/div>\n\t\t\t\t<\/div>\n\t\t\t\t<\/div>\n\t\t\t\t<\/div>\n\t\t","protected":false},"excerpt":{"rendered":"<p>\u0130leti\u015fim Bir sorunuz mu var? Bizimle ileti\u015fime ge\u00e7in! Sorular\u0131n\u0131z, talepleriniz veya \u015fikayetleriniz i\u00e7in a\u015fa\u011f\u0131daki formu doldurabilir ya da do\u011frudan a\u015fa\u011f\u0131daki telefon numaras\u0131 ve e-posta adresi arac\u0131l\u0131\u011f\u0131yla bizimle ileti\u015fime ge\u00e7ebilirsiniz. Adres K\u0131s\u0131kl\u0131 Mah. Alemda\u011f Cad. Masaldan \u0130\u015f Merkezi F Blok No:3 \u00dcsk\u00fcdar \/ \u0130stanbul \/ T\u00fcrkiye Telefon +90216 522 68 40 \u0130leti\u015fim info@ozturkgroup.com.tr Mesaj\u0131n\u0131z<\/p>\n","protected":false},"author":1,"featured_media":0,"parent":0,"menu_order":0,"comment_status":"closed","ping_status":"closed","template":"page-full-width.php","meta":{"footnotes":""},"class_list":["post-12197","page","type-page","status-publish","hentry"],"_links":{"self":[{"href":"https:\/\/ozturkgroup.com.tr\/tr\/wp-json\/wp\/v2\/pages\/12197","targetHints":{"allow":["GET"]}}],"collection":[{"href":"https:\/\/ozturkgroup.com.tr\/tr\/wp-json\/wp\/v2\/pages"}],"about":[{"href":"https:\/\/ozturkgroup.com.tr\/tr\/wp-json\/wp\/v2\/types\/page"}],"author":[{"embeddable":true,"href":"https:\/\/ozturkgroup.com.tr\/tr\/wp-json\/wp\/v2\/users\/1"}],"replies":[{"embeddable":true,"href":"https:\/\/ozturkgroup.com.tr\/tr\/wp-json\/wp\/v2\/comments?post=12197"}],"version-history":[{"count":0,"href":"https:\/\/ozturkgroup.com.tr\/tr\/wp-json\/wp\/v2\/pages\/12197\/revisions"}],"wp:attachment":[{"href":"https:\/\/ozturkgroup.com.tr\/tr\/wp-json\/wp\/v2\/media?parent=12197"}],"curies":[{"name":"wp","href":"https:\/\/api.w.org\/{rel}","templated":true}]}}